{"id":966,"date":"2016-09-02T14:06:35","date_gmt":"2016-09-02T14:06:35","guid":{"rendered":"https:\/\/belinka.com\/sl\/?page_id=966"},"modified":"2025-05-21T10:52:39","modified_gmt":"2025-05-21T09:52:39","slug":"o-podjetju","status":"publish","type":"page","link":"https:\/\/www.belinka.com\/sl\/o-podjetju\/","title":{"rendered":"O podjetju"},"content":{"rendered":"<p><strong>Skrb za les je na\u0161a strast, ustvarjanje novih, vedno bolj\u0161ih izdelkov, ki les za\u0161\u010ditijo in ga oplemenitijo pa na\u0161e poslanstvo. <\/strong><strong>Belinkini strokovnjaki spremljajo najnovej\u0161e trende na podro\u010dju za\u0161\u010dite lesa ter razvijajo nove in izbolj\u0161ane izdelke, ki nosijo ime Belinka. V ve\u010d kot 70 letih svojega delovanja je Belinka tako postala pravi sinonim za vrhunsko za\u0161\u010dito in poudarjanje naravne lepote lesa.<\/strong><\/p>\n<p>Belinka je pomemben del segmenta dekorative v skupini KANSAI HELIOS, tako je na\u0161a vizija, da na klju\u010dnih trgih \u0161e pove\u010damo prepoznavnost v premium segmentu kakovostne za\u0161\u010dite lesa. Na\u0161i proizvodi so z vsako generacijo bolj prijazni uporabnikom in okolju. Skrb za okolje, trajnostni razvoj in dru\u017ebena odgovornost so namre\u010d na\u010dela, ki jim sledimo na vsakem koraku delovanja.<\/p>\n<h3 class=\"p1\" style=\"text-align: left;\"><strong>SPREJEMANJE TRAJNOSTI Z BARVAMI IN PREMAZI NA BIOLO\u0160KI OSNOVI<\/strong><\/h3>\n<p class=\"p1\">V ospredju okoljske trajnosti in zdravstvenih vidikov je tudi industrija barv in premazov, ki z odprtimi rokami sprejema spremembe. V zadnjem \u010dasu se uveljavljajo trajnostne metode, pri \u010demer so barve na biolo\u0161ki osnovi postale posebna re\u0161itev.<\/p>\n<h4 class=\"p1\" style=\"text-align: left;\"><b>Vzpon barv na biolo\u0161ki osnovi<\/b><\/h4>\n<p class=\"p1\">Barve na biolo\u0161ki osnovi, pridobljene iz obnovljivih materialov, kot so rastline, olja in naravni minerali, prina\u0161ajo \u0161tevilne koristi za okolje in zdravje ljudi. Za razliko od tradicionalnih barv, ki so odvisne od fosilnih goriv in petrokemi\u010dnih proizvodov, mo\u017enosti na biolo\u0161ki osnovi uporabljajo obnovljive vire, kar zmanj\u0161uje emisije toplogrednih plinov in odvisnost od omejenih virov. Ta prehod spodbuja kro\u017eno gospodarstvo s pove\u010danjem u\u010dinkovitosti virov in zmanj\u0161anjem koli\u010dine odpadkov.<\/p>\n<h4 class=\"p1\" style=\"text-align: left;\"><b>Razli\u010dne vrste materialov na biolo\u0161ki osnovi v barvah in premazih<\/b><\/h4>\n<p class=\"p1\">Biolo\u0161ke surovine v barvah in premazih spadajo v tri osnovne kategorije:<\/p>\n<ul class=\"ul1\">\n<li class=\"li1\"><b>Gradniki na biolo\u0161ki osnovi<\/b>: surovine, pridobljene iz ma\u0161\u010dobnih kislin, rastlinskih olj ali drugih monomerov, pridobljenih iz biomaterialov, kot je jantarna kislina.<\/li>\n<li class=\"li1\"><b>Topila na biolo\u0161ki osnovi<\/b>: topila, pridobljena iz obnovljivih virov, kot so koruza, sladkor in sladkorna pesa, so okolju prijazna alternativa petrokemi\u010dnim topilom.<\/li>\n<li class=\"li1\"><b>Dodatki na biolo\u0161ki osnovi<\/b>: \u010ceprav se uporabljajo v manj\u0161ih koli\u010dinah, imajo ti dodatki pomembno vlogo pri izbolj\u0161anju ekolo\u0161kih lastnosti barv in premazov.<\/li>\n<\/ul>\n<h4 class=\"p1\" style=\"text-align: left;\"><b>Obnovljivi viri prispevajo k okoljski trajnosti<\/b><\/h4>\n<p class=\"p1\">Uporaba obnovljivih surovin namesto surovin, ki temeljijo na fosilnih gorivih, prina\u0161a \u0161tevilne prednosti. Obnovljivi viri, kot so rastline, biomasa, alge in gozdni proizvodi, se lahko s\u010dasoma obnovijo, kar zagotavlja dolgoro\u010dno okoljsko trajnost. Pri pridobivanju in predelavi fosilnih goriv se spro\u0161\u010da veliko toplogrednih plinov, ki prispevajo h globalnemu segrevanju. Obnovljivi materiali imajo obi\u010dajno manj\u0161i oglji\u010dni odtis in z zmanj\u0161anjem emisij prispevajo k bla\u017eitvi podnebnih sprememb.<\/p>\n<h4 class=\"p1\" style=\"text-align: left;\"><b>Zagotavljanje pristnosti na biolo\u0161ki osnovi: Metode datiranja ogljika<\/b><\/h4>\n<p class=\"p1\">Vsebnost ogljika v materialih na biolo\u0161ki osnovi je mogo\u010de potrditi s tehniko radiokarbonskega datiranja, ki je splo\u0161no znana kot metoda ogljika-14. Ta metoda pomaga razlikovati med sestavinami, pridobljenimi iz \u017eivih organizmov, in sestavinami, pridobljenimi iz fosilnih virov. Ogljik-14 naravno obstaja v majhnih koli\u010dinah v \u017eivih organizmih. Postopoma razpada, dokler ga ni mogo\u010de zaznati, kar nam omogo\u010da razlikovanje med biolo\u0161kimi materiali in tistimi, ki izvirajo iz fosilov. Standardi, kot sta EN 16640 in ASTM D-6866, zagotavljajo natan\u010dnost teh analiz in potrjujejo vsebnost biolo\u0161kih sestavin v izdelkih.<\/p>\n<h4 class=\"p1\" style=\"text-align: left;\"><b>Proti trajnostni prihodnosti<\/b><\/h4>\n<p class=\"p1\">Vklju\u010devanje biolo\u0161kih materialov v industrijo barv in premazov predstavlja pomemben korak k okolju prijaznej\u0161i prihodnosti. Z opu\u0161\u010danjem fosilnih goriv in uporabo obnovljivih alternativ prispevamo k ohranjanju okolja in ustvarjamo bolj trajnostno prihodnost za prihodnje generacije.<\/p>\n<p><a href=\"https:\/\/www.belinka.com\/wp-content\/uploads\/2024\/07\/Bio-based_green.png\"><img loading=\"lazy\" decoding=\"async\" class=\"alignnone  wp-image-57257\" src=\"https:\/\/www.belinka.com\/wp-content\/uploads\/2024\/07\/Bio-based_green-300x300.png\" alt=\"\" width=\"145\" height=\"145\" \/><\/a><\/p>\n<p><strong>Kontakt:<br \/>\n<\/strong><\/p>\n<p><strong>KANSAI HELIOS Slovenija d.o.o.<\/strong><br \/>\nKoli\u010devo 65<br \/>\n1230 Dom\u017eale \u2013 SI<br \/>\nTEL: +386 (0)51 347 545; +386 (0)41 783 723<br \/>\nwww.belinka.com\/sl<\/p>\n","protected":false},"excerpt":{"rendered":"Skrb za les je na\u0161a strast, ustvarjanje novih, vedno bolj\u0161ih izdelkov, ki les za\u0161\u010ditijo in ga oplemenitijo pa na\u0161e poslanstvo. Belinkini strokovnjaki spremljajo najnovej\u0161e trende na podro\u010dju za\u0161\u010dite lesa ter razvijajo nove in izbolj\u0161ane izdelke, ki nosijo ime Belinka. V ve\u010d kot 70 letih svojega delovanja je Belinka tako postala pravi sinonim za vrhunsko za\u0161\u010dito &#8230; <br><a class=\"view-article\" href=\"https:\/\/www.belinka.com\/sl\/o-podjetju\/\">Preberite ve\u010d<\/a>","protected":false},"author":62,"featured_media":0,"parent":0,"menu_order":107,"comment_status":"closed","ping_status":"closed","template":"templates\/template-company.php","meta":{"_acf_changed":false,"_kad_blocks_custom_css":"","_kad_blocks_head_custom_js":"","_kad_blocks_body_custom_js":"","_kad_blocks_footer_custom_js":"","footnotes":""},"class_list":["post-966","page","type-page","status-publish","hentry"],"acf":[],"yoast_head":"<!-- This site is optimized with the Yoast SEO plugin v27.4 - https:\/\/yoast.com\/product\/yoast-seo-wordpress\/ -->\n<title>O podjetju - Belinka<\/title>\n<meta name=\"robots\" content=\"index, follow, max-snippet:-1, max-image-preview:large, max-video-preview:-1\" \/>\n<link rel=\"canonical\" href=\"https:\/\/www.belinka.com\/sl\/o-podjetju\/\" \/>\n<meta property=\"og:locale\" content=\"sl_SI\" \/>\n<meta property=\"og:type\" content=\"article\" \/>\n<meta property=\"og:title\" content=\"O podjetju - Belinka\" \/>\n<meta property=\"og:description\" content=\"Skrb za les je na\u0161a strast, ustvarjanje novih, vedno bolj\u0161ih izdelkov, ki les za\u0161\u010ditijo in ga oplemenitijo pa na\u0161e poslanstvo. Belinkini strokovnjaki spremljajo najnovej\u0161e trende na podro\u010dju za\u0161\u010dite lesa ter razvijajo nove in izbolj\u0161ane izdelke, ki nosijo ime Belinka. V ve\u010d kot 70 letih svojega delovanja je Belinka tako postala pravi sinonim za vrhunsko za\u0161\u010dito ... Preberite ve\u010d\" \/>\n<meta property=\"og:url\" content=\"https:\/\/www.belinka.com\/sl\/o-podjetju\/\" \/>\n<meta property=\"og:site_name\" content=\"Belinka\" \/>\n<meta property=\"article:publisher\" content=\"https:\/\/www.facebook.com\/belinka.si\/\" \/>\n<meta property=\"article:modified_time\" content=\"2025-05-21T09:52:39+00:00\" \/>\n<meta property=\"og:image\" content=\"https:\/\/www.belinka.com\/wp-content\/uploads\/2024\/07\/Bio-based_green-e1720699055415.png\" \/>\n\t<meta property=\"og:image:width\" content=\"691\" \/>\n\t<meta property=\"og:image:height\" content=\"720\" \/>\n\t<meta property=\"og:image:type\" content=\"image\/png\" \/>\n<meta name=\"twitter:card\" content=\"summary_large_image\" \/>\n<meta name=\"twitter:label1\" content=\"Est. reading time\" \/>\n\t<meta name=\"twitter:data1\" content=\"4 minute\" \/>\n<script type=\"application\/ld+json\" class=\"yoast-schema-graph\">{\"@context\":\"https:\\\/\\\/schema.org\",\"@graph\":[{\"@type\":\"WebPage\",\"@id\":\"https:\\\/\\\/www.belinka.com\\\/sl\\\/o-podjetju\\\/\",\"url\":\"https:\\\/\\\/www.belinka.com\\\/sl\\\/o-podjetju\\\/\",\"name\":\"O podjetju - Belinka\",\"isPartOf\":{\"@id\":\"https:\\\/\\\/www.belinka.com\\\/rs\\\/#website\"},\"primaryImageOfPage\":{\"@id\":\"https:\\\/\\\/www.belinka.com\\\/sl\\\/o-podjetju\\\/#primaryimage\"},\"image\":{\"@id\":\"https:\\\/\\\/www.belinka.com\\\/sl\\\/o-podjetju\\\/#primaryimage\"},\"thumbnailUrl\":\"https:\\\/\\\/www.belinka.com\\\/wp-content\\\/uploads\\\/2024\\\/07\\\/Bio-based_green-300x300.png\",\"datePublished\":\"2016-09-02T14:06:35+00:00\",\"dateModified\":\"2025-05-21T09:52:39+00:00\",\"breadcrumb\":{\"@id\":\"https:\\\/\\\/www.belinka.com\\\/sl\\\/o-podjetju\\\/#breadcrumb\"},\"inLanguage\":\"sl-SI\",\"potentialAction\":[{\"@type\":\"ReadAction\",\"target\":[\"https:\\\/\\\/www.belinka.com\\\/sl\\\/o-podjetju\\\/\"]}]},{\"@type\":\"ImageObject\",\"inLanguage\":\"sl-SI\",\"@id\":\"https:\\\/\\\/www.belinka.com\\\/sl\\\/o-podjetju\\\/#primaryimage\",\"url\":\"https:\\\/\\\/www.belinka.com\\\/wp-content\\\/uploads\\\/2024\\\/07\\\/Bio-based_green-300x300.png\",\"contentUrl\":\"https:\\\/\\\/www.belinka.com\\\/wp-content\\\/uploads\\\/2024\\\/07\\\/Bio-based_green-300x300.png\"},{\"@type\":\"BreadcrumbList\",\"@id\":\"https:\\\/\\\/www.belinka.com\\\/sl\\\/o-podjetju\\\/#breadcrumb\",\"itemListElement\":[{\"@type\":\"ListItem\",\"position\":1,\"name\":\"\u0413\u043b\u0430\u0432\u043d\u0430\u044f \u0441\u0442\u0440\u0430\u043d\u0438\u0446\u0430\",\"item\":\"https:\\\/\\\/www.belinka.com\\\/rs\\\/\"},{\"@type\":\"ListItem\",\"position\":2,\"name\":\"O podjetju\"}]},{\"@type\":\"WebSite\",\"@id\":\"https:\\\/\\\/www.belinka.com\\\/rs\\\/#website\",\"url\":\"https:\\\/\\\/www.belinka.com\\\/rs\\\/\",\"name\":\"Belinka\",\"description\":\"Vse za les\",\"publisher\":{\"@id\":\"https:\\\/\\\/www.belinka.com\\\/rs\\\/#organization\"},\"potentialAction\":[{\"@type\":\"SearchAction\",\"target\":{\"@type\":\"EntryPoint\",\"urlTemplate\":\"https:\\\/\\\/www.belinka.com\\\/rs\\\/?s={search_term_string}\"},\"query-input\":{\"@type\":\"PropertyValueSpecification\",\"valueRequired\":true,\"valueName\":\"search_term_string\"}}],\"inLanguage\":\"sl-SI\"},{\"@type\":\"Organization\",\"@id\":\"https:\\\/\\\/www.belinka.com\\\/rs\\\/#organization\",\"name\":\"Belinka\",\"url\":\"https:\\\/\\\/www.belinka.com\\\/rs\\\/\",\"logo\":{\"@type\":\"ImageObject\",\"inLanguage\":\"sl-SI\",\"@id\":\"https:\\\/\\\/www.belinka.com\\\/rs\\\/#\\\/schema\\\/logo\\\/image\\\/\",\"url\":\"https:\\\/\\\/www.belinka.com\\\/wp-content\\\/uploads\\\/2021\\\/05\\\/belinka_logo-e1620721483986.png\",\"contentUrl\":\"https:\\\/\\\/www.belinka.com\\\/wp-content\\\/uploads\\\/2021\\\/05\\\/belinka_logo-e1620721483986.png\",\"width\":200,\"height\":200,\"caption\":\"Belinka\"},\"image\":{\"@id\":\"https:\\\/\\\/www.belinka.com\\\/rs\\\/#\\\/schema\\\/logo\\\/image\\\/\"},\"sameAs\":[\"https:\\\/\\\/www.facebook.com\\\/belinka.si\\\/\"]}]}<\/script>\n<!-- \/ Yoast SEO plugin. -->","yoast_head_json":{"title":"O podjetju - Belinka","robots":{"index":"index","follow":"follow","max-snippet":"max-snippet:-1","max-image-preview":"max-image-preview:large","max-video-preview":"max-video-preview:-1"},"canonical":"https:\/\/www.belinka.com\/sl\/o-podjetju\/","og_locale":"sl_SI","og_type":"article","og_title":"O podjetju - Belinka","og_description":"Skrb za les je na\u0161a strast, ustvarjanje novih, vedno bolj\u0161ih izdelkov, ki les za\u0161\u010ditijo in ga oplemenitijo pa na\u0161e poslanstvo. Belinkini strokovnjaki spremljajo najnovej\u0161e trende na podro\u010dju za\u0161\u010dite lesa ter razvijajo nove in izbolj\u0161ane izdelke, ki nosijo ime Belinka. V ve\u010d kot 70 letih svojega delovanja je Belinka tako postala pravi sinonim za vrhunsko za\u0161\u010dito ... Preberite ve\u010d","og_url":"https:\/\/www.belinka.com\/sl\/o-podjetju\/","og_site_name":"Belinka","article_publisher":"https:\/\/www.facebook.com\/belinka.si\/","article_modified_time":"2025-05-21T09:52:39+00:00","og_image":[{"width":691,"height":720,"url":"https:\/\/www.belinka.com\/wp-content\/uploads\/2024\/07\/Bio-based_green-e1720699055415.png","type":"image\/png"}],"twitter_card":"summary_large_image","twitter_misc":{"Est. reading time":"4 minute"},"schema":{"@context":"https:\/\/schema.org","@graph":[{"@type":"WebPage","@id":"https:\/\/www.belinka.com\/sl\/o-podjetju\/","url":"https:\/\/www.belinka.com\/sl\/o-podjetju\/","name":"O podjetju - Belinka","isPartOf":{"@id":"https:\/\/www.belinka.com\/rs\/#website"},"primaryImageOfPage":{"@id":"https:\/\/www.belinka.com\/sl\/o-podjetju\/#primaryimage"},"image":{"@id":"https:\/\/www.belinka.com\/sl\/o-podjetju\/#primaryimage"},"thumbnailUrl":"https:\/\/www.belinka.com\/wp-content\/uploads\/2024\/07\/Bio-based_green-300x300.png","datePublished":"2016-09-02T14:06:35+00:00","dateModified":"2025-05-21T09:52:39+00:00","breadcrumb":{"@id":"https:\/\/www.belinka.com\/sl\/o-podjetju\/#breadcrumb"},"inLanguage":"sl-SI","potentialAction":[{"@type":"ReadAction","target":["https:\/\/www.belinka.com\/sl\/o-podjetju\/"]}]},{"@type":"ImageObject","inLanguage":"sl-SI","@id":"https:\/\/www.belinka.com\/sl\/o-podjetju\/#primaryimage","url":"https:\/\/www.belinka.com\/wp-content\/uploads\/2024\/07\/Bio-based_green-300x300.png","contentUrl":"https:\/\/www.belinka.com\/wp-content\/uploads\/2024\/07\/Bio-based_green-300x300.png"},{"@type":"BreadcrumbList","@id":"https:\/\/www.belinka.com\/sl\/o-podjetju\/#breadcrumb","itemListElement":[{"@type":"ListItem","position":1,"name":"\u0413\u043b\u0430\u0432\u043d\u0430\u044f \u0441\u0442\u0440\u0430\u043d\u0438\u0446\u0430","item":"https:\/\/www.belinka.com\/rs\/"},{"@type":"ListItem","position":2,"name":"O podjetju"}]},{"@type":"WebSite","@id":"https:\/\/www.belinka.com\/rs\/#website","url":"https:\/\/www.belinka.com\/rs\/","name":"Belinka","description":"Vse za les","publisher":{"@id":"https:\/\/www.belinka.com\/rs\/#organization"},"potentialAction":[{"@type":"SearchAction","target":{"@type":"EntryPoint","urlTemplate":"https:\/\/www.belinka.com\/rs\/?s={search_term_string}"},"query-input":{"@type":"PropertyValueSpecification","valueRequired":true,"valueName":"search_term_string"}}],"inLanguage":"sl-SI"},{"@type":"Organization","@id":"https:\/\/www.belinka.com\/rs\/#organization","name":"Belinka","url":"https:\/\/www.belinka.com\/rs\/","logo":{"@type":"ImageObject","inLanguage":"sl-SI","@id":"https:\/\/www.belinka.com\/rs\/#\/schema\/logo\/image\/","url":"https:\/\/www.belinka.com\/wp-content\/uploads\/2021\/05\/belinka_logo-e1620721483986.png","contentUrl":"https:\/\/www.belinka.com\/wp-content\/uploads\/2021\/05\/belinka_logo-e1620721483986.png","width":200,"height":200,"caption":"Belinka"},"image":{"@id":"https:\/\/www.belinka.com\/rs\/#\/schema\/logo\/image\/"},"sameAs":["https:\/\/www.facebook.com\/belinka.si\/"]}]}},"taxonomy_info":[],"featured_image_src_large":false,"author_info":{"display_name":"Belinka","author_link":"https:\/\/www.belinka.com\/sl\/author\/belinkaad_20\/"},"comment_info":"","_links":{"self":[{"href":"https:\/\/www.belinka.com\/sl\/wp-json\/wp\/v2\/pages\/966","targetHints":{"allow":["GET"]}}],"collection":[{"href":"https:\/\/www.belinka.com\/sl\/wp-json\/wp\/v2\/pages"}],"about":[{"href":"https:\/\/www.belinka.com\/sl\/wp-json\/wp\/v2\/types\/page"}],"author":[{"embeddable":true,"href":"https:\/\/www.belinka.com\/sl\/wp-json\/wp\/v2\/users\/62"}],"replies":[{"embeddable":true,"href":"https:\/\/www.belinka.com\/sl\/wp-json\/wp\/v2\/comments?post=966"}],"version-history":[{"count":24,"href":"https:\/\/www.belinka.com\/sl\/wp-json\/wp\/v2\/pages\/966\/revisions"}],"predecessor-version":[{"id":61527,"href":"https:\/\/www.belinka.com\/sl\/wp-json\/wp\/v2\/pages\/966\/revisions\/61527"}],"wp:attachment":[{"href":"https:\/\/www.belinka.com\/sl\/wp-json\/wp\/v2\/media?parent=966"}],"curies":[{"name":"wp","href":"https:\/\/api.w.org\/{rel}","templated":true}]}}