{"id":16301,"date":"2017-07-25T12:32:11","date_gmt":"2017-07-25T11:32:11","guid":{"rendered":"https:\/\/www.belinka.com\/?page_id=16301\/"},"modified":"2017-08-31T07:57:14","modified_gmt":"2017-08-31T06:57:14","slug":"sistem-kakovosti","status":"publish","type":"page","link":"https:\/\/www.belinka.com\/sl\/sistem-kakovosti\/","title":{"rendered":"Sistem kakovosti"},"content":{"rendered":"<p>S certifikatom\u00a0<a href=\"https:\/\/www.belinka.com\/wp-content\/uploads\/2017\/07\/ISO-9001_slo.pdf\" target=\"_blank\">ISO 9001<\/a>, ki je mednarodno priznan standard kakovosti,\u00a0\u017ee leta dokazujemo zavezanost kakovosti in zadovoljstvu strank. Standard temelji\u00a0 na na\u010delih vodenja kakovosti, ki so bistven sestavni del dobre poslovne prakse. Svojo ozave\u0161\u010denost in odgovornost do okolja potrjujemo tudi s standardom\u00a0<a href=\"https:\/\/www.belinka.com\/wp-content\/uploads\/2016\/09\/ISO-14001_slo.jpg\" target=\"_blank\">ISO 14001<\/a>, ki je dokazano orodje za u\u010dinkovito zmanj\u0161evanje vplivov organizacije na okolje.<\/p>\n","protected":false},"excerpt":{"rendered":"S certifikatom\u00a0ISO 9001, ki je mednarodno priznan standard kakovosti,\u00a0\u017ee leta dokazujemo zavezanost kakovosti in zadovoljstvu strank. Standard temelji\u00a0 na na\u010delih vodenja kakovosti, ki so bistven sestavni del dobre poslovne prakse. Svojo ozave\u0161\u010denost in odgovornost do okolja potrjujemo tudi s standardom\u00a0ISO 14001, ki je dokazano orodje za u\u010dinkovito zmanj\u0161evanje vplivov organizacije na okolje.","protected":false},"author":62,"featured_media":0,"parent":0,"menu_order":182,"comment_status":"closed","ping_status":"closed","template":"templates\/template-company.php","meta":{"_acf_changed":false,"_kad_blocks_custom_css":"","_kad_blocks_head_custom_js":"","_kad_blocks_body_custom_js":"","_kad_blocks_footer_custom_js":"","footnotes":""},"class_list":["post-16301","page","type-page","status-publish","hentry"],"acf":[],"yoast_head":"<!-- This site is optimized with the Yoast SEO plugin v27.4 - https:\/\/yoast.com\/product\/yoast-seo-wordpress\/ -->\n<title>Sistem kakovosti - Belinka<\/title>\n<meta name=\"robots\" content=\"index, follow, max-snippet:-1, max-image-preview:large, max-video-preview:-1\" \/>\n<link rel=\"canonical\" href=\"https:\/\/www.belinka.com\/sl\/sistem-kakovosti\/\" \/>\n<meta property=\"og:locale\" content=\"sl_SI\" \/>\n<meta property=\"og:type\" content=\"article\" \/>\n<meta property=\"og:title\" content=\"Sistem kakovosti - Belinka\" \/>\n<meta property=\"og:description\" content=\"S certifikatom\u00a0ISO 9001, ki je mednarodno priznan standard kakovosti,\u00a0\u017ee leta dokazujemo zavezanost kakovosti in zadovoljstvu strank. Standard temelji\u00a0 na na\u010delih vodenja kakovosti, ki so bistven sestavni del dobre poslovne prakse. Svojo ozave\u0161\u010denost in odgovornost do okolja potrjujemo tudi s standardom\u00a0ISO 14001, ki je dokazano orodje za u\u010dinkovito zmanj\u0161evanje vplivov organizacije na okolje.\" \/>\n<meta property=\"og:url\" content=\"https:\/\/www.belinka.com\/sl\/sistem-kakovosti\/\" \/>\n<meta property=\"og:site_name\" content=\"Belinka\" \/>\n<meta property=\"article:publisher\" content=\"https:\/\/www.facebook.com\/belinka.si\/\" \/>\n<meta property=\"article:modified_time\" content=\"2017-08-31T06:57:14+00:00\" \/>\n<meta name=\"twitter:card\" content=\"summary_large_image\" \/>\n<script type=\"application\/ld+json\" class=\"yoast-schema-graph\">{\"@context\":\"https:\\\/\\\/schema.org\",\"@graph\":[{\"@type\":\"WebPage\",\"@id\":\"https:\\\/\\\/www.belinka.com\\\/sl\\\/sistem-kakovosti\\\/\",\"url\":\"https:\\\/\\\/www.belinka.com\\\/sl\\\/sistem-kakovosti\\\/\",\"name\":\"Sistem kakovosti - Belinka\",\"isPartOf\":{\"@id\":\"https:\\\/\\\/www.belinka.com\\\/rs\\\/#website\"},\"datePublished\":\"2017-07-25T11:32:11+00:00\",\"dateModified\":\"2017-08-31T06:57:14+00:00\",\"breadcrumb\":{\"@id\":\"https:\\\/\\\/www.belinka.com\\\/sl\\\/sistem-kakovosti\\\/#breadcrumb\"},\"inLanguage\":\"sl-SI\",\"potentialAction\":[{\"@type\":\"ReadAction\",\"target\":[\"https:\\\/\\\/www.belinka.com\\\/sl\\\/sistem-kakovosti\\\/\"]}]},{\"@type\":\"BreadcrumbList\",\"@id\":\"https:\\\/\\\/www.belinka.com\\\/sl\\\/sistem-kakovosti\\\/#breadcrumb\",\"itemListElement\":[{\"@type\":\"ListItem\",\"position\":1,\"name\":\"\u0413\u043b\u0430\u0432\u043d\u0430\u044f \u0441\u0442\u0440\u0430\u043d\u0438\u0446\u0430\",\"item\":\"https:\\\/\\\/www.belinka.com\\\/rs\\\/\"},{\"@type\":\"ListItem\",\"position\":2,\"name\":\"Sistem kakovosti\"}]},{\"@type\":\"WebSite\",\"@id\":\"https:\\\/\\\/www.belinka.com\\\/rs\\\/#website\",\"url\":\"https:\\\/\\\/www.belinka.com\\\/rs\\\/\",\"name\":\"Belinka\",\"description\":\"Vse za les\",\"publisher\":{\"@id\":\"https:\\\/\\\/www.belinka.com\\\/rs\\\/#organization\"},\"potentialAction\":[{\"@type\":\"SearchAction\",\"target\":{\"@type\":\"EntryPoint\",\"urlTemplate\":\"https:\\\/\\\/www.belinka.com\\\/rs\\\/?s={search_term_string}\"},\"query-input\":{\"@type\":\"PropertyValueSpecification\",\"valueRequired\":true,\"valueName\":\"search_term_string\"}}],\"inLanguage\":\"sl-SI\"},{\"@type\":\"Organization\",\"@id\":\"https:\\\/\\\/www.belinka.com\\\/rs\\\/#organization\",\"name\":\"Belinka\",\"url\":\"https:\\\/\\\/www.belinka.com\\\/rs\\\/\",\"logo\":{\"@type\":\"ImageObject\",\"inLanguage\":\"sl-SI\",\"@id\":\"https:\\\/\\\/www.belinka.com\\\/rs\\\/#\\\/schema\\\/logo\\\/image\\\/\",\"url\":\"https:\\\/\\\/www.belinka.com\\\/wp-content\\\/uploads\\\/2021\\\/05\\\/belinka_logo-e1620721483986.png\",\"contentUrl\":\"https:\\\/\\\/www.belinka.com\\\/wp-content\\\/uploads\\\/2021\\\/05\\\/belinka_logo-e1620721483986.png\",\"width\":200,\"height\":200,\"caption\":\"Belinka\"},\"image\":{\"@id\":\"https:\\\/\\\/www.belinka.com\\\/rs\\\/#\\\/schema\\\/logo\\\/image\\\/\"},\"sameAs\":[\"https:\\\/\\\/www.facebook.com\\\/belinka.si\\\/\"]}]}<\/script>\n<!-- \/ Yoast SEO plugin. -->","yoast_head_json":{"title":"Sistem kakovosti - Belinka","robots":{"index":"index","follow":"follow","max-snippet":"max-snippet:-1","max-image-preview":"max-image-preview:large","max-video-preview":"max-video-preview:-1"},"canonical":"https:\/\/www.belinka.com\/sl\/sistem-kakovosti\/","og_locale":"sl_SI","og_type":"article","og_title":"Sistem kakovosti - Belinka","og_description":"S certifikatom\u00a0ISO 9001, ki je mednarodno priznan standard kakovosti,\u00a0\u017ee leta dokazujemo zavezanost kakovosti in zadovoljstvu strank. Standard temelji\u00a0 na na\u010delih vodenja kakovosti, ki so bistven sestavni del dobre poslovne prakse. Svojo ozave\u0161\u010denost in odgovornost do okolja potrjujemo tudi s standardom\u00a0ISO 14001, ki je dokazano orodje za u\u010dinkovito zmanj\u0161evanje vplivov organizacije na okolje.","og_url":"https:\/\/www.belinka.com\/sl\/sistem-kakovosti\/","og_site_name":"Belinka","article_publisher":"https:\/\/www.facebook.com\/belinka.si\/","article_modified_time":"2017-08-31T06:57:14+00:00","twitter_card":"summary_large_image","schema":{"@context":"https:\/\/schema.org","@graph":[{"@type":"WebPage","@id":"https:\/\/www.belinka.com\/sl\/sistem-kakovosti\/","url":"https:\/\/www.belinka.com\/sl\/sistem-kakovosti\/","name":"Sistem kakovosti - Belinka","isPartOf":{"@id":"https:\/\/www.belinka.com\/rs\/#website"},"datePublished":"2017-07-25T11:32:11+00:00","dateModified":"2017-08-31T06:57:14+00:00","breadcrumb":{"@id":"https:\/\/www.belinka.com\/sl\/sistem-kakovosti\/#breadcrumb"},"inLanguage":"sl-SI","potentialAction":[{"@type":"ReadAction","target":["https:\/\/www.belinka.com\/sl\/sistem-kakovosti\/"]}]},{"@type":"BreadcrumbList","@id":"https:\/\/www.belinka.com\/sl\/sistem-kakovosti\/#breadcrumb","itemListElement":[{"@type":"ListItem","position":1,"name":"\u0413\u043b\u0430\u0432\u043d\u0430\u044f \u0441\u0442\u0440\u0430\u043d\u0438\u0446\u0430","item":"https:\/\/www.belinka.com\/rs\/"},{"@type":"ListItem","position":2,"name":"Sistem kakovosti"}]},{"@type":"WebSite","@id":"https:\/\/www.belinka.com\/rs\/#website","url":"https:\/\/www.belinka.com\/rs\/","name":"Belinka","description":"Vse za les","publisher":{"@id":"https:\/\/www.belinka.com\/rs\/#organization"},"potentialAction":[{"@type":"SearchAction","target":{"@type":"EntryPoint","urlTemplate":"https:\/\/www.belinka.com\/rs\/?s={search_term_string}"},"query-input":{"@type":"PropertyValueSpecification","valueRequired":true,"valueName":"search_term_string"}}],"inLanguage":"sl-SI"},{"@type":"Organization","@id":"https:\/\/www.belinka.com\/rs\/#organization","name":"Belinka","url":"https:\/\/www.belinka.com\/rs\/","logo":{"@type":"ImageObject","inLanguage":"sl-SI","@id":"https:\/\/www.belinka.com\/rs\/#\/schema\/logo\/image\/","url":"https:\/\/www.belinka.com\/wp-content\/uploads\/2021\/05\/belinka_logo-e1620721483986.png","contentUrl":"https:\/\/www.belinka.com\/wp-content\/uploads\/2021\/05\/belinka_logo-e1620721483986.png","width":200,"height":200,"caption":"Belinka"},"image":{"@id":"https:\/\/www.belinka.com\/rs\/#\/schema\/logo\/image\/"},"sameAs":["https:\/\/www.facebook.com\/belinka.si\/"]}]}},"taxonomy_info":[],"featured_image_src_large":false,"author_info":{"display_name":"Belinka","author_link":"https:\/\/www.belinka.com\/sl\/author\/belinkaad_20\/"},"comment_info":"","_links":{"self":[{"href":"https:\/\/www.belinka.com\/sl\/wp-json\/wp\/v2\/pages\/16301","targetHints":{"allow":["GET"]}}],"collection":[{"href":"https:\/\/www.belinka.com\/sl\/wp-json\/wp\/v2\/pages"}],"about":[{"href":"https:\/\/www.belinka.com\/sl\/wp-json\/wp\/v2\/types\/page"}],"author":[{"embeddable":true,"href":"https:\/\/www.belinka.com\/sl\/wp-json\/wp\/v2\/users\/62"}],"replies":[{"embeddable":true,"href":"https:\/\/www.belinka.com\/sl\/wp-json\/wp\/v2\/comments?post=16301"}],"version-history":[{"count":5,"href":"https:\/\/www.belinka.com\/sl\/wp-json\/wp\/v2\/pages\/16301\/revisions"}],"predecessor-version":[{"id":16655,"href":"https:\/\/www.belinka.com\/sl\/wp-json\/wp\/v2\/pages\/16301\/revisions\/16655"}],"wp:attachment":[{"href":"https:\/\/www.belinka.com\/sl\/wp-json\/wp\/v2\/media?parent=16301"}],"curies":[{"name":"wp","href":"https:\/\/api.w.org\/{rel}","templated":true}]}}