{"id":8361,"date":"2016-09-05T07:52:05","date_gmt":"2016-09-05T07:52:05","guid":{"rendered":"https:\/\/belinka.com\/belinka\/"},"modified":"2024-08-30T09:11:48","modified_gmt":"2024-08-30T08:11:48","slug":"belinka","status":"publish","type":"page","link":"https:\/\/www.belinka.com\/sk\/belinka\/","title":{"rendered":"Hist\u00f3ria spolo\u010dnosti Belinka"},"content":{"rendered":"<p>Vznik spolo\u010dnosti Belinka sa sp\u00e1ja s\u00a0rokom 1948, kedy bola v Slovinsku vytvoren\u00e1 prv\u00e1 fabrika na v\u00fdrobu peroxidu vod\u00edka. Belinka sa ka\u017ed\u00fdm rokom rozrastala a\u00a0postupne sa dost\u00e1vala aj na zahrani\u010dn\u00e9 trhy. P\u00f4vodn\u00e1 \u010das\u0165 Belinky, ktor\u00e1 st\u00e1le vyr\u00e1ba peroxid vod\u00edka, sa volala <a href=\"https:\/\/belinka.si\/perkemija\/domov\" target=\"_blank\" rel=\"noopener\">Belinka Perkemija<\/a>.<\/p>\n<p>V 1960-tych rokoch sa Belinka postupne a \u00faspe\u0161ne rozrastala aj v in\u00fdch oblastiach a z\u00e1kazn\u00edckych segmentoch a za\u010dala vyr\u00e1ba\u0165 n\u00e1tery na drevo pre v\u0161eobecn\u00e9 pou\u017e\u00edvanie. Toto obdobie sa charakterizuje licen\u010dnou zmluvou s vtedaj\u0161\u00edm ved\u00facim v\u00fdrobcom n\u00e1terov na drevo, d\u00e1nskou firmou Sadolin. V polovici \u00a080-tych rokov Belinka za\u010dala vyr\u00e1ba\u0165 n\u00e1tery na drevo svojou internou technol\u00f3giou a pod svojim vlastn\u00fdm menom. Spolo\u010dnos\u0165, ktor\u00e1 dnes vyr\u00e1ba a dod\u00e1va n\u00e1tery na drevo zna\u010dky Belinka, sa vol\u00e1 KANSAI HELIOS Slovenija d.o.o.<\/p>\n<p>V roku 2007 sa Belinka, teda Belinka Belles, stala \u010dlenom skupiny Helios Group. Ako s\u00fa\u010das\u0165 skupiny sa v roku 2014 pripojila k\u00a0majoritn\u00e9mu vlastn\u00edkovi RIH Coating Group. V roku 2017 sa vlastn\u00edkom skupiny Helios Group stala spolo\u010dnos\u0165 Kansai Paint, jedna z najv\u00e4\u010d\u0161\u00edch celosvetov\u00fdch spolo\u010dnost\u00ed v oblasti n\u00e1terov.<\/p>\n<p>Do dne\u0161n\u00e9ho d\u0148a vyvinula Belinka mno\u017estvo v\u00fdrobkov na komplexn\u00fa ochranu dreva, ktor\u00e9 zachov\u00e1vaj\u00fa jeho prirodzen\u00fa kr\u00e1su. K dispoz\u00edcii je \u0161irok\u00e1 \u0161k\u00e1la v\u00fdrobkov, ktor\u00e9 s\u00fa ur\u010den\u00e9 najm\u00e4 pre koncov\u00e9ho spotrebite\u013ea. V priebehu nieko\u013ek\u00fdch desa\u0165ro\u010d\u00ed sa Belinka stala synonymom ochrany dreva.<\/p>\n","protected":false},"excerpt":{"rendered":"Vznik spolo\u010dnosti Belinka sa sp\u00e1ja s\u00a0rokom 1948, kedy bola v Slovinsku vytvoren\u00e1 prv\u00e1 fabrika na v\u00fdrobu peroxidu vod\u00edka. Belinka sa ka\u017ed\u00fdm rokom rozrastala a\u00a0postupne sa dost\u00e1vala aj na zahrani\u010dn\u00e9 trhy. P\u00f4vodn\u00e1 \u010das\u0165 Belinky, ktor\u00e1 st\u00e1le vyr\u00e1ba peroxid vod\u00edka, sa volala Belinka Perkemija. V 1960-tych rokoch sa Belinka postupne a \u00faspe\u0161ne rozrastala aj v in\u00fdch oblastiach &#8230; <a class=\"view-article\" href=\"https:\/\/www.belinka.com\/sk\/belinka\/\">\u010c\u00edtaj viac<\/a>","protected":false},"author":62,"featured_media":0,"parent":0,"menu_order":233,"comment_status":"closed","ping_status":"closed","template":"templates\/template-company.php","meta":{"_acf_changed":false,"_kad_blocks_custom_css":"","_kad_blocks_head_custom_js":"","_kad_blocks_body_custom_js":"","_kad_blocks_footer_custom_js":"","footnotes":""},"class_list":["post-8361","page","type-page","status-publish","hentry"],"acf":[],"yoast_head":"<!-- This site is optimized with the Yoast SEO plugin v27.4 - https:\/\/yoast.com\/product\/yoast-seo-wordpress\/ -->\n<title>Hist\u00f3ria spolo\u010dnosti Belinka - Belinka<\/title>\n<meta name=\"robots\" content=\"index, follow, max-snippet:-1, max-image-preview:large, max-video-preview:-1\" \/>\n<link rel=\"canonical\" href=\"https:\/\/www.belinka.com\/sk\/belinka\/\" \/>\n<meta property=\"og:locale\" content=\"sk_SK\" \/>\n<meta property=\"og:type\" content=\"article\" \/>\n<meta property=\"og:title\" content=\"Hist\u00f3ria spolo\u010dnosti Belinka - Belinka\" \/>\n<meta property=\"og:description\" content=\"Vznik spolo\u010dnosti Belinka sa sp\u00e1ja s\u00a0rokom 1948, kedy bola v Slovinsku vytvoren\u00e1 prv\u00e1 fabrika na v\u00fdrobu peroxidu vod\u00edka. Belinka sa ka\u017ed\u00fdm rokom rozrastala a\u00a0postupne sa dost\u00e1vala aj na zahrani\u010dn\u00e9 trhy. P\u00f4vodn\u00e1 \u010das\u0165 Belinky, ktor\u00e1 st\u00e1le vyr\u00e1ba peroxid vod\u00edka, sa volala Belinka Perkemija. V 1960-tych rokoch sa Belinka postupne a \u00faspe\u0161ne rozrastala aj v in\u00fdch oblastiach ... \u010c\u00edtaj viac\" \/>\n<meta property=\"og:url\" content=\"https:\/\/www.belinka.com\/sk\/belinka\/\" \/>\n<meta property=\"og:site_name\" content=\"Belinka\" \/>\n<meta property=\"article:publisher\" content=\"https:\/\/www.facebook.com\/belinka.si\/\" \/>\n<meta property=\"article:modified_time\" content=\"2024-08-30T08:11:48+00:00\" \/>\n<meta name=\"twitter:card\" content=\"summary_large_image\" \/>\n<meta name=\"twitter:label1\" content=\"Predpokladan\u00fd \u010das \u010d\u00edtania\" \/>\n\t<meta name=\"twitter:data1\" content=\"1 min\u00fata\" \/>\n<script type=\"application\/ld+json\" class=\"yoast-schema-graph\">{\"@context\":\"https:\\\/\\\/schema.org\",\"@graph\":[{\"@type\":\"WebPage\",\"@id\":\"https:\\\/\\\/www.belinka.com\\\/sk\\\/belinka\\\/\",\"url\":\"https:\\\/\\\/www.belinka.com\\\/sk\\\/belinka\\\/\",\"name\":\"Hist\u00f3ria spolo\u010dnosti Belinka - Belinka\",\"isPartOf\":{\"@id\":\"https:\\\/\\\/www.belinka.com\\\/rs\\\/#website\"},\"datePublished\":\"2016-09-05T07:52:05+00:00\",\"dateModified\":\"2024-08-30T08:11:48+00:00\",\"breadcrumb\":{\"@id\":\"https:\\\/\\\/www.belinka.com\\\/sk\\\/belinka\\\/#breadcrumb\"},\"inLanguage\":\"sk-SK\",\"potentialAction\":[{\"@type\":\"ReadAction\",\"target\":[\"https:\\\/\\\/www.belinka.com\\\/sk\\\/belinka\\\/\"]}]},{\"@type\":\"BreadcrumbList\",\"@id\":\"https:\\\/\\\/www.belinka.com\\\/sk\\\/belinka\\\/#breadcrumb\",\"itemListElement\":[{\"@type\":\"ListItem\",\"position\":1,\"name\":\"\u0413\u043b\u0430\u0432\u043d\u0430\u044f \u0441\u0442\u0440\u0430\u043d\u0438\u0446\u0430\",\"item\":\"https:\\\/\\\/www.belinka.com\\\/rs\\\/\"},{\"@type\":\"ListItem\",\"position\":2,\"name\":\"Hist\u00f3ria spolo\u010dnosti Belinka\"}]},{\"@type\":\"WebSite\",\"@id\":\"https:\\\/\\\/www.belinka.com\\\/rs\\\/#website\",\"url\":\"https:\\\/\\\/www.belinka.com\\\/rs\\\/\",\"name\":\"Belinka\",\"description\":\"V\u0161etko pre drevo\",\"publisher\":{\"@id\":\"https:\\\/\\\/www.belinka.com\\\/rs\\\/#organization\"},\"potentialAction\":[{\"@type\":\"SearchAction\",\"target\":{\"@type\":\"EntryPoint\",\"urlTemplate\":\"https:\\\/\\\/www.belinka.com\\\/rs\\\/?s={search_term_string}\"},\"query-input\":{\"@type\":\"PropertyValueSpecification\",\"valueRequired\":true,\"valueName\":\"search_term_string\"}}],\"inLanguage\":\"sk-SK\"},{\"@type\":\"Organization\",\"@id\":\"https:\\\/\\\/www.belinka.com\\\/rs\\\/#organization\",\"name\":\"Belinka\",\"url\":\"https:\\\/\\\/www.belinka.com\\\/rs\\\/\",\"logo\":{\"@type\":\"ImageObject\",\"inLanguage\":\"sk-SK\",\"@id\":\"https:\\\/\\\/www.belinka.com\\\/rs\\\/#\\\/schema\\\/logo\\\/image\\\/\",\"url\":\"https:\\\/\\\/www.belinka.com\\\/wp-content\\\/uploads\\\/2021\\\/05\\\/belinka_logo-e1620721483986.png\",\"contentUrl\":\"https:\\\/\\\/www.belinka.com\\\/wp-content\\\/uploads\\\/2021\\\/05\\\/belinka_logo-e1620721483986.png\",\"width\":200,\"height\":200,\"caption\":\"Belinka\"},\"image\":{\"@id\":\"https:\\\/\\\/www.belinka.com\\\/rs\\\/#\\\/schema\\\/logo\\\/image\\\/\"},\"sameAs\":[\"https:\\\/\\\/www.facebook.com\\\/belinka.si\\\/\"]}]}<\/script>\n<!-- \/ Yoast SEO plugin. -->","yoast_head_json":{"title":"Hist\u00f3ria spolo\u010dnosti Belinka - Belinka","robots":{"index":"index","follow":"follow","max-snippet":"max-snippet:-1","max-image-preview":"max-image-preview:large","max-video-preview":"max-video-preview:-1"},"canonical":"https:\/\/www.belinka.com\/sk\/belinka\/","og_locale":"sk_SK","og_type":"article","og_title":"Hist\u00f3ria spolo\u010dnosti Belinka - Belinka","og_description":"Vznik spolo\u010dnosti Belinka sa sp\u00e1ja s\u00a0rokom 1948, kedy bola v Slovinsku vytvoren\u00e1 prv\u00e1 fabrika na v\u00fdrobu peroxidu vod\u00edka. Belinka sa ka\u017ed\u00fdm rokom rozrastala a\u00a0postupne sa dost\u00e1vala aj na zahrani\u010dn\u00e9 trhy. P\u00f4vodn\u00e1 \u010das\u0165 Belinky, ktor\u00e1 st\u00e1le vyr\u00e1ba peroxid vod\u00edka, sa volala Belinka Perkemija. V 1960-tych rokoch sa Belinka postupne a \u00faspe\u0161ne rozrastala aj v in\u00fdch oblastiach ... \u010c\u00edtaj viac","og_url":"https:\/\/www.belinka.com\/sk\/belinka\/","og_site_name":"Belinka","article_publisher":"https:\/\/www.facebook.com\/belinka.si\/","article_modified_time":"2024-08-30T08:11:48+00:00","twitter_card":"summary_large_image","twitter_misc":{"Predpokladan\u00fd \u010das \u010d\u00edtania":"1 min\u00fata"},"schema":{"@context":"https:\/\/schema.org","@graph":[{"@type":"WebPage","@id":"https:\/\/www.belinka.com\/sk\/belinka\/","url":"https:\/\/www.belinka.com\/sk\/belinka\/","name":"Hist\u00f3ria spolo\u010dnosti Belinka - Belinka","isPartOf":{"@id":"https:\/\/www.belinka.com\/rs\/#website"},"datePublished":"2016-09-05T07:52:05+00:00","dateModified":"2024-08-30T08:11:48+00:00","breadcrumb":{"@id":"https:\/\/www.belinka.com\/sk\/belinka\/#breadcrumb"},"inLanguage":"sk-SK","potentialAction":[{"@type":"ReadAction","target":["https:\/\/www.belinka.com\/sk\/belinka\/"]}]},{"@type":"BreadcrumbList","@id":"https:\/\/www.belinka.com\/sk\/belinka\/#breadcrumb","itemListElement":[{"@type":"ListItem","position":1,"name":"\u0413\u043b\u0430\u0432\u043d\u0430\u044f \u0441\u0442\u0440\u0430\u043d\u0438\u0446\u0430","item":"https:\/\/www.belinka.com\/rs\/"},{"@type":"ListItem","position":2,"name":"Hist\u00f3ria spolo\u010dnosti Belinka"}]},{"@type":"WebSite","@id":"https:\/\/www.belinka.com\/rs\/#website","url":"https:\/\/www.belinka.com\/rs\/","name":"Belinka","description":"V\u0161etko pre drevo","publisher":{"@id":"https:\/\/www.belinka.com\/rs\/#organization"},"potentialAction":[{"@type":"SearchAction","target":{"@type":"EntryPoint","urlTemplate":"https:\/\/www.belinka.com\/rs\/?s={search_term_string}"},"query-input":{"@type":"PropertyValueSpecification","valueRequired":true,"valueName":"search_term_string"}}],"inLanguage":"sk-SK"},{"@type":"Organization","@id":"https:\/\/www.belinka.com\/rs\/#organization","name":"Belinka","url":"https:\/\/www.belinka.com\/rs\/","logo":{"@type":"ImageObject","inLanguage":"sk-SK","@id":"https:\/\/www.belinka.com\/rs\/#\/schema\/logo\/image\/","url":"https:\/\/www.belinka.com\/wp-content\/uploads\/2021\/05\/belinka_logo-e1620721483986.png","contentUrl":"https:\/\/www.belinka.com\/wp-content\/uploads\/2021\/05\/belinka_logo-e1620721483986.png","width":200,"height":200,"caption":"Belinka"},"image":{"@id":"https:\/\/www.belinka.com\/rs\/#\/schema\/logo\/image\/"},"sameAs":["https:\/\/www.facebook.com\/belinka.si\/"]}]}},"taxonomy_info":[],"featured_image_src_large":false,"author_info":{"display_name":"Belinka","author_link":"https:\/\/www.belinka.com\/sk\/author\/belinkaad_20\/"},"comment_info":"","_links":{"self":[{"href":"https:\/\/www.belinka.com\/sk\/wp-json\/wp\/v2\/pages\/8361","targetHints":{"allow":["GET"]}}],"collection":[{"href":"https:\/\/www.belinka.com\/sk\/wp-json\/wp\/v2\/pages"}],"about":[{"href":"https:\/\/www.belinka.com\/sk\/wp-json\/wp\/v2\/types\/page"}],"author":[{"embeddable":true,"href":"https:\/\/www.belinka.com\/sk\/wp-json\/wp\/v2\/users\/62"}],"replies":[{"embeddable":true,"href":"https:\/\/www.belinka.com\/sk\/wp-json\/wp\/v2\/comments?post=8361"}],"version-history":[{"count":5,"href":"https:\/\/www.belinka.com\/sk\/wp-json\/wp\/v2\/pages\/8361\/revisions"}],"predecessor-version":[{"id":57849,"href":"https:\/\/www.belinka.com\/sk\/wp-json\/wp\/v2\/pages\/8361\/revisions\/57849"}],"wp:attachment":[{"href":"https:\/\/www.belinka.com\/sk\/wp-json\/wp\/v2\/media?parent=8361"}],"curies":[{"name":"wp","href":"https:\/\/api.w.org\/{rel}","templated":true}]}}