{"id":8359,"date":"2016-09-05T07:52:05","date_gmt":"2016-09-05T07:52:05","guid":{"rendered":"https:\/\/belinka.com\/belinka\/"},"modified":"2024-08-30T09:10:29","modified_gmt":"2024-08-30T08:10:29","slug":"belinka","status":"publish","type":"page","link":"https:\/\/www.belinka.com\/rs\/belinka\/","title":{"rendered":"Istorijat kompanije Belinka"},"content":{"rendered":"<p>Belinkini po\u010deci se\u017eu u 1948. godinu, kada je u Sloveniji sagra\u0111ena prva fabrika za proizvodnju vodonik peroksida. Belinka je rasla iz godine u godinu, a pro\u0161irila se i na strana tr\u017ei\u0161ta. Prvobitni deo Belinke, koji jo\u0161 uvek proizvodi vodonikova jedinjenja, vremenom je nazvan\u00a0<a href=\"https:\/\/belinka.si\/perkemija\/domov\" target=\"_blank\" rel=\"noopener\">Belinka Perkemija<\/a>.<\/p>\n<p>Tokom \u0161ezdesetih godina pro\u0161log veka, Belinka je uspe\u0161no nastavila da se \u0161iri u drugim oblastima i segmentima kupaca, uz proizvodnju premaza za drvo za \u0161iroku potro\u0161nju. Ovaj period je obele\u017een plodonosnim ugovorom o licenciranju sa vodec\u0301im proizvo\u0111a\u010dem premaza za drvo u to vreme, danskim Sadolinom. Sredinom osamdesetih, Belinka je po\u010dela da proizvodi premaze za drvo, primenjuju\u0107i sopstvenu tehnologiju i pod svojim nazivom brenda. Kompanija koja danas proizvodi i plasira Belinka premaze za drvo naziva se KANSAI HELIOS Slovenija d.o.o.<\/p>\n<p>2007. godine, Belinka, a samim tim Belinka Belles, postala je \u010dlanica grupacije Helios. Kao deo grupacije, 2014. godine, postala je deo ve\u0107inskog vlasni\u0161tva grupacije RIH Coating. 2017. godine, Kansai Paint, jedna od deset najve\u0107ih svetskih kompanija za proizvodnju premaza, postala je vlasnik cele grupacije Helios.<\/p>\n<p>Do dana\u0161njeg dana, kompanija Belinka razvila je brojne proizvode za sveobuhvatnu za\u0161titu drveta i isticanje njegove prirodne lepote. U ponudi je \u0161iroka paleta proizvoda, namenjenih prevashodno krajnjim korisnicima. Tokom decenija poslovanja, Belinka je postala sinonim za za\u0161titu drveta.<\/p>\n","protected":false},"excerpt":{"rendered":"Belinkini po\u010deci se\u017eu u 1948. godinu, kada je u Sloveniji sagra\u0111ena prva fabrika za proizvodnju vodonik peroksida. Belinka je rasla iz godine u godinu, a pro\u0161irila se i na strana tr\u017ei\u0161ta. Prvobitni deo Belinke, koji jo\u0161 uvek proizvodi vodonikova jedinjenja, vremenom je nazvan\u00a0Belinka Perkemija. Tokom \u0161ezdesetih godina pro\u0161log veka, Belinka je uspe\u0161no nastavila da se &#8230; <br><a class=\"view-article\" href=\"https:\/\/www.belinka.com\/rs\/belinka\/\">Op\u0161irnije<\/a>","protected":false},"author":62,"featured_media":0,"parent":0,"menu_order":237,"comment_status":"closed","ping_status":"closed","template":"templates\/template-company.php","meta":{"_acf_changed":false,"_kad_blocks_custom_css":"","_kad_blocks_head_custom_js":"","_kad_blocks_body_custom_js":"","_kad_blocks_footer_custom_js":"","footnotes":""},"class_list":["post-8359","page","type-page","status-publish","hentry"],"acf":[],"yoast_head":"<!-- This site is optimized with the Yoast SEO plugin v27.4 - https:\/\/yoast.com\/product\/yoast-seo-wordpress\/ -->\n<title>Istorijat kompanije Belinka - Belinka<\/title>\n<meta name=\"robots\" content=\"index, follow, max-snippet:-1, max-image-preview:large, max-video-preview:-1\" \/>\n<link rel=\"canonical\" href=\"https:\/\/www.belinka.com\/rs\/belinka\/\" \/>\n<meta property=\"og:locale\" content=\"en_US\" \/>\n<meta property=\"og:type\" content=\"article\" \/>\n<meta property=\"og:title\" content=\"Istorijat kompanije Belinka - Belinka\" \/>\n<meta property=\"og:description\" content=\"Belinkini po\u010deci se\u017eu u 1948. godinu, kada je u Sloveniji sagra\u0111ena prva fabrika za proizvodnju vodonik peroksida. Belinka je rasla iz godine u godinu, a pro\u0161irila se i na strana tr\u017ei\u0161ta. Prvobitni deo Belinke, koji jo\u0161 uvek proizvodi vodonikova jedinjenja, vremenom je nazvan\u00a0Belinka Perkemija. Tokom \u0161ezdesetih godina pro\u0161log veka, Belinka je uspe\u0161no nastavila da se ... Op\u0161irnije\" \/>\n<meta property=\"og:url\" content=\"https:\/\/www.belinka.com\/rs\/belinka\/\" \/>\n<meta property=\"og:site_name\" content=\"Belinka\" \/>\n<meta property=\"article:publisher\" content=\"https:\/\/www.facebook.com\/belinka.si\/\" \/>\n<meta property=\"article:modified_time\" content=\"2024-08-30T08:10:29+00:00\" \/>\n<meta name=\"twitter:card\" content=\"summary_large_image\" \/>\n<meta name=\"twitter:label1\" content=\"Est. reading time\" \/>\n\t<meta name=\"twitter:data1\" content=\"1 minute\" \/>\n<script type=\"application\/ld+json\" class=\"yoast-schema-graph\">{\"@context\":\"https:\\\/\\\/schema.org\",\"@graph\":[{\"@type\":\"WebPage\",\"@id\":\"https:\\\/\\\/www.belinka.com\\\/rs\\\/belinka\\\/\",\"url\":\"https:\\\/\\\/www.belinka.com\\\/rs\\\/belinka\\\/\",\"name\":\"Istorijat kompanije Belinka - Belinka\",\"isPartOf\":{\"@id\":\"https:\\\/\\\/www.belinka.com\\\/rs\\\/#website\"},\"datePublished\":\"2016-09-05T07:52:05+00:00\",\"dateModified\":\"2024-08-30T08:10:29+00:00\",\"breadcrumb\":{\"@id\":\"https:\\\/\\\/www.belinka.com\\\/rs\\\/belinka\\\/#breadcrumb\"},\"inLanguage\":\"rs\",\"potentialAction\":[{\"@type\":\"ReadAction\",\"target\":[\"https:\\\/\\\/www.belinka.com\\\/rs\\\/belinka\\\/\"]}]},{\"@type\":\"BreadcrumbList\",\"@id\":\"https:\\\/\\\/www.belinka.com\\\/rs\\\/belinka\\\/#breadcrumb\",\"itemListElement\":[{\"@type\":\"ListItem\",\"position\":1,\"name\":\"\u0413\u043b\u0430\u0432\u043d\u0430\u044f \u0441\u0442\u0440\u0430\u043d\u0438\u0446\u0430\",\"item\":\"https:\\\/\\\/www.belinka.com\\\/rs\\\/\"},{\"@type\":\"ListItem\",\"position\":2,\"name\":\"Istorijat kompanije Belinka\"}]},{\"@type\":\"WebSite\",\"@id\":\"https:\\\/\\\/www.belinka.com\\\/rs\\\/#website\",\"url\":\"https:\\\/\\\/www.belinka.com\\\/rs\\\/\",\"name\":\"Belinka\",\"description\":\"Sve za drvo\",\"publisher\":{\"@id\":\"https:\\\/\\\/www.belinka.com\\\/rs\\\/#organization\"},\"potentialAction\":[{\"@type\":\"SearchAction\",\"target\":{\"@type\":\"EntryPoint\",\"urlTemplate\":\"https:\\\/\\\/www.belinka.com\\\/rs\\\/?s={search_term_string}\"},\"query-input\":{\"@type\":\"PropertyValueSpecification\",\"valueRequired\":true,\"valueName\":\"search_term_string\"}}],\"inLanguage\":\"rs\"},{\"@type\":\"Organization\",\"@id\":\"https:\\\/\\\/www.belinka.com\\\/rs\\\/#organization\",\"name\":\"Belinka\",\"url\":\"https:\\\/\\\/www.belinka.com\\\/rs\\\/\",\"logo\":{\"@type\":\"ImageObject\",\"inLanguage\":\"rs\",\"@id\":\"https:\\\/\\\/www.belinka.com\\\/rs\\\/#\\\/schema\\\/logo\\\/image\\\/\",\"url\":\"https:\\\/\\\/www.belinka.com\\\/wp-content\\\/uploads\\\/2021\\\/05\\\/belinka_logo-e1620721483986.png\",\"contentUrl\":\"https:\\\/\\\/www.belinka.com\\\/wp-content\\\/uploads\\\/2021\\\/05\\\/belinka_logo-e1620721483986.png\",\"width\":200,\"height\":200,\"caption\":\"Belinka\"},\"image\":{\"@id\":\"https:\\\/\\\/www.belinka.com\\\/rs\\\/#\\\/schema\\\/logo\\\/image\\\/\"},\"sameAs\":[\"https:\\\/\\\/www.facebook.com\\\/belinka.si\\\/\"]}]}<\/script>\n<!-- \/ Yoast SEO plugin. -->","yoast_head_json":{"title":"Istorijat kompanije Belinka - Belinka","robots":{"index":"index","follow":"follow","max-snippet":"max-snippet:-1","max-image-preview":"max-image-preview:large","max-video-preview":"max-video-preview:-1"},"canonical":"https:\/\/www.belinka.com\/rs\/belinka\/","og_locale":"en_US","og_type":"article","og_title":"Istorijat kompanije Belinka - Belinka","og_description":"Belinkini po\u010deci se\u017eu u 1948. godinu, kada je u Sloveniji sagra\u0111ena prva fabrika za proizvodnju vodonik peroksida. Belinka je rasla iz godine u godinu, a pro\u0161irila se i na strana tr\u017ei\u0161ta. Prvobitni deo Belinke, koji jo\u0161 uvek proizvodi vodonikova jedinjenja, vremenom je nazvan\u00a0Belinka Perkemija. Tokom \u0161ezdesetih godina pro\u0161log veka, Belinka je uspe\u0161no nastavila da se ... Op\u0161irnije","og_url":"https:\/\/www.belinka.com\/rs\/belinka\/","og_site_name":"Belinka","article_publisher":"https:\/\/www.facebook.com\/belinka.si\/","article_modified_time":"2024-08-30T08:10:29+00:00","twitter_card":"summary_large_image","twitter_misc":{"Est. reading time":"1 minute"},"schema":{"@context":"https:\/\/schema.org","@graph":[{"@type":"WebPage","@id":"https:\/\/www.belinka.com\/rs\/belinka\/","url":"https:\/\/www.belinka.com\/rs\/belinka\/","name":"Istorijat kompanije Belinka - Belinka","isPartOf":{"@id":"https:\/\/www.belinka.com\/rs\/#website"},"datePublished":"2016-09-05T07:52:05+00:00","dateModified":"2024-08-30T08:10:29+00:00","breadcrumb":{"@id":"https:\/\/www.belinka.com\/rs\/belinka\/#breadcrumb"},"inLanguage":"rs","potentialAction":[{"@type":"ReadAction","target":["https:\/\/www.belinka.com\/rs\/belinka\/"]}]},{"@type":"BreadcrumbList","@id":"https:\/\/www.belinka.com\/rs\/belinka\/#breadcrumb","itemListElement":[{"@type":"ListItem","position":1,"name":"\u0413\u043b\u0430\u0432\u043d\u0430\u044f \u0441\u0442\u0440\u0430\u043d\u0438\u0446\u0430","item":"https:\/\/www.belinka.com\/rs\/"},{"@type":"ListItem","position":2,"name":"Istorijat kompanije Belinka"}]},{"@type":"WebSite","@id":"https:\/\/www.belinka.com\/rs\/#website","url":"https:\/\/www.belinka.com\/rs\/","name":"Belinka","description":"Sve za drvo","publisher":{"@id":"https:\/\/www.belinka.com\/rs\/#organization"},"potentialAction":[{"@type":"SearchAction","target":{"@type":"EntryPoint","urlTemplate":"https:\/\/www.belinka.com\/rs\/?s={search_term_string}"},"query-input":{"@type":"PropertyValueSpecification","valueRequired":true,"valueName":"search_term_string"}}],"inLanguage":"rs"},{"@type":"Organization","@id":"https:\/\/www.belinka.com\/rs\/#organization","name":"Belinka","url":"https:\/\/www.belinka.com\/rs\/","logo":{"@type":"ImageObject","inLanguage":"rs","@id":"https:\/\/www.belinka.com\/rs\/#\/schema\/logo\/image\/","url":"https:\/\/www.belinka.com\/wp-content\/uploads\/2021\/05\/belinka_logo-e1620721483986.png","contentUrl":"https:\/\/www.belinka.com\/wp-content\/uploads\/2021\/05\/belinka_logo-e1620721483986.png","width":200,"height":200,"caption":"Belinka"},"image":{"@id":"https:\/\/www.belinka.com\/rs\/#\/schema\/logo\/image\/"},"sameAs":["https:\/\/www.facebook.com\/belinka.si\/"]}]}},"taxonomy_info":[],"featured_image_src_large":false,"author_info":{"display_name":"Belinka","author_link":"https:\/\/www.belinka.com\/rs\/author\/belinkaad_20\/"},"comment_info":"","_links":{"self":[{"href":"https:\/\/www.belinka.com\/rs\/wp-json\/wp\/v2\/pages\/8359","targetHints":{"allow":["GET"]}}],"collection":[{"href":"https:\/\/www.belinka.com\/rs\/wp-json\/wp\/v2\/pages"}],"about":[{"href":"https:\/\/www.belinka.com\/rs\/wp-json\/wp\/v2\/types\/page"}],"author":[{"embeddable":true,"href":"https:\/\/www.belinka.com\/rs\/wp-json\/wp\/v2\/users\/62"}],"replies":[{"embeddable":true,"href":"https:\/\/www.belinka.com\/rs\/wp-json\/wp\/v2\/comments?post=8359"}],"version-history":[{"count":6,"href":"https:\/\/www.belinka.com\/rs\/wp-json\/wp\/v2\/pages\/8359\/revisions"}],"predecessor-version":[{"id":57847,"href":"https:\/\/www.belinka.com\/rs\/wp-json\/wp\/v2\/pages\/8359\/revisions\/57847"}],"wp:attachment":[{"href":"https:\/\/www.belinka.com\/rs\/wp-json\/wp\/v2\/media?parent=8359"}],"curies":[{"name":"wp","href":"https:\/\/api.w.org\/{rel}","templated":true}]}}