{"id":41701,"date":"2019-07-12T13:11:14","date_gmt":"2019-07-12T12:11:14","guid":{"rendered":"https:\/\/www.belinka.com\/?page_id=41701"},"modified":"2019-07-12T13:11:14","modified_gmt":"2019-07-12T12:11:14","slug":"video-uputstva","status":"publish","type":"page","link":"https:\/\/www.belinka.com\/me\/video-uputstva\/","title":{"rendered":"Video uputstva"},"content":{"rendered":"<p>&nbsp;<\/p>\n<p>Kada je potrebno obnoviti premaze?<\/p>\n<p><iframe loading=\"lazy\" title=\"Kada je potrebno obnoviti premaze?(srb)\" width=\"500\" height=\"281\" src=\"https:\/\/www.youtube.com\/embed\/GQocRVmNT9s?feature=oembed\" frameborder=\"0\" allow=\"accelerometer; autoplay; clipboard-write; encrypted-media; gyroscope; picture-in-picture; web-share\" referrerpolicy=\"strict-origin-when-cross-origin\" allowfullscreen><\/iframe><\/p>\n<p>&nbsp;<\/p>\n<p>Kako za\u0161ti\u0107ujemo drvo u unutra\u0161njosti?<\/p>\n<p><iframe loading=\"lazy\" title=\"Kako za\u0161ti\u0107ujemo drvo u unutra\u0161njosti?(srb)\" width=\"500\" height=\"281\" src=\"https:\/\/www.youtube.com\/embed\/DRc9xL0XWQU?feature=oembed\" frameborder=\"0\" allow=\"accelerometer; autoplay; clipboard-write; encrypted-media; gyroscope; picture-in-picture; web-share\" referrerpolicy=\"strict-origin-when-cross-origin\" allowfullscreen><\/iframe><\/p>\n<p>&nbsp;<\/p>\n<p>Kako se borimo protiv drvnih insekata?<\/p>\n<p><iframe loading=\"lazy\" title=\"Kako se borimo protiv drvnih insekata?(srb)\" width=\"500\" height=\"281\" src=\"https:\/\/www.youtube.com\/embed\/aoNsdPKwJ2s?feature=oembed\" frameborder=\"0\" allow=\"accelerometer; autoplay; clipboard-write; encrypted-media; gyroscope; picture-in-picture; web-share\" referrerpolicy=\"strict-origin-when-cross-origin\" allowfullscreen><\/iframe><\/p>\n<p>&nbsp;<\/p>\n","protected":false},"excerpt":{"rendered":"&nbsp; Kada je potrebno obnoviti premaze? &nbsp; Kako za\u0161ti\u0107ujemo drvo u unutra\u0161njosti? &nbsp; Kako se borimo protiv drvnih insekata? &nbsp;","protected":false},"author":62,"featured_media":0,"parent":0,"menu_order":268,"comment_status":"closed","ping_status":"closed","template":"templates\/template-video.php","meta":{"_acf_changed":false,"_kad_blocks_custom_css":"","_kad_blocks_head_custom_js":"","_kad_blocks_body_custom_js":"","_kad_blocks_footer_custom_js":"","footnotes":""},"class_list":["post-41701","page","type-page","status-publish","hentry"],"acf":[],"yoast_head":"<!-- This site is optimized with the Yoast SEO plugin v27.4 - https:\/\/yoast.com\/product\/yoast-seo-wordpress\/ -->\n<title>Video uputstva - Belinka<\/title>\n<meta name=\"robots\" content=\"index, follow, max-snippet:-1, max-image-preview:large, max-video-preview:-1\" \/>\n<link rel=\"canonical\" href=\"https:\/\/www.belinka.com\/me\/video-uputstva\/\" \/>\n<meta property=\"og:locale\" content=\"en_GB\" \/>\n<meta property=\"og:type\" content=\"article\" \/>\n<meta property=\"og:title\" content=\"Video uputstva - Belinka\" \/>\n<meta property=\"og:description\" content=\"&nbsp; Kada je potrebno obnoviti premaze? &nbsp; Kako za\u0161ti\u0107ujemo drvo u unutra\u0161njosti? &nbsp; Kako se borimo protiv drvnih insekata? &nbsp;\" \/>\n<meta property=\"og:url\" content=\"https:\/\/www.belinka.com\/me\/video-uputstva\/\" \/>\n<meta property=\"og:site_name\" content=\"Belinka\" \/>\n<meta property=\"article:publisher\" content=\"https:\/\/www.facebook.com\/belinka.si\/\" \/>\n<meta name=\"twitter:card\" content=\"summary_large_image\" \/>\n<script type=\"application\/ld+json\" class=\"yoast-schema-graph\">{\"@context\":\"https:\\\/\\\/schema.org\",\"@graph\":[{\"@type\":\"WebPage\",\"@id\":\"https:\\\/\\\/www.belinka.com\\\/me\\\/video-uputstva\\\/\",\"url\":\"https:\\\/\\\/www.belinka.com\\\/me\\\/video-uputstva\\\/\",\"name\":\"Video uputstva - Belinka\",\"isPartOf\":{\"@id\":\"https:\\\/\\\/www.belinka.com\\\/rs\\\/#website\"},\"datePublished\":\"2019-07-12T12:11:14+00:00\",\"breadcrumb\":{\"@id\":\"https:\\\/\\\/www.belinka.com\\\/me\\\/video-uputstva\\\/#breadcrumb\"},\"inLanguage\":\"en-GB\",\"potentialAction\":[{\"@type\":\"ReadAction\",\"target\":[\"https:\\\/\\\/www.belinka.com\\\/me\\\/video-uputstva\\\/\"]}]},{\"@type\":\"BreadcrumbList\",\"@id\":\"https:\\\/\\\/www.belinka.com\\\/me\\\/video-uputstva\\\/#breadcrumb\",\"itemListElement\":[{\"@type\":\"ListItem\",\"position\":1,\"name\":\"\u0413\u043b\u0430\u0432\u043d\u0430\u044f \u0441\u0442\u0440\u0430\u043d\u0438\u0446\u0430\",\"item\":\"https:\\\/\\\/www.belinka.com\\\/rs\\\/\"},{\"@type\":\"ListItem\",\"position\":2,\"name\":\"Video uputstva\"}]},{\"@type\":\"WebSite\",\"@id\":\"https:\\\/\\\/www.belinka.com\\\/rs\\\/#website\",\"url\":\"https:\\\/\\\/www.belinka.com\\\/rs\\\/\",\"name\":\"Belinka\",\"description\":\"Sve za drvo\",\"publisher\":{\"@id\":\"https:\\\/\\\/www.belinka.com\\\/rs\\\/#organization\"},\"potentialAction\":[{\"@type\":\"SearchAction\",\"target\":{\"@type\":\"EntryPoint\",\"urlTemplate\":\"https:\\\/\\\/www.belinka.com\\\/rs\\\/?s={search_term_string}\"},\"query-input\":{\"@type\":\"PropertyValueSpecification\",\"valueRequired\":true,\"valueName\":\"search_term_string\"}}],\"inLanguage\":\"en-GB\"},{\"@type\":\"Organization\",\"@id\":\"https:\\\/\\\/www.belinka.com\\\/rs\\\/#organization\",\"name\":\"Belinka\",\"url\":\"https:\\\/\\\/www.belinka.com\\\/rs\\\/\",\"logo\":{\"@type\":\"ImageObject\",\"inLanguage\":\"en-GB\",\"@id\":\"https:\\\/\\\/www.belinka.com\\\/rs\\\/#\\\/schema\\\/logo\\\/image\\\/\",\"url\":\"https:\\\/\\\/www.belinka.com\\\/wp-content\\\/uploads\\\/2021\\\/05\\\/belinka_logo-e1620721483986.png\",\"contentUrl\":\"https:\\\/\\\/www.belinka.com\\\/wp-content\\\/uploads\\\/2021\\\/05\\\/belinka_logo-e1620721483986.png\",\"width\":200,\"height\":200,\"caption\":\"Belinka\"},\"image\":{\"@id\":\"https:\\\/\\\/www.belinka.com\\\/rs\\\/#\\\/schema\\\/logo\\\/image\\\/\"},\"sameAs\":[\"https:\\\/\\\/www.facebook.com\\\/belinka.si\\\/\"]}]}<\/script>\n<!-- \/ Yoast SEO plugin. -->","yoast_head_json":{"title":"Video uputstva - Belinka","robots":{"index":"index","follow":"follow","max-snippet":"max-snippet:-1","max-image-preview":"max-image-preview:large","max-video-preview":"max-video-preview:-1"},"canonical":"https:\/\/www.belinka.com\/me\/video-uputstva\/","og_locale":"en_GB","og_type":"article","og_title":"Video uputstva - Belinka","og_description":"&nbsp; Kada je potrebno obnoviti premaze? &nbsp; Kako za\u0161ti\u0107ujemo drvo u unutra\u0161njosti? &nbsp; Kako se borimo protiv drvnih insekata? &nbsp;","og_url":"https:\/\/www.belinka.com\/me\/video-uputstva\/","og_site_name":"Belinka","article_publisher":"https:\/\/www.facebook.com\/belinka.si\/","twitter_card":"summary_large_image","schema":{"@context":"https:\/\/schema.org","@graph":[{"@type":"WebPage","@id":"https:\/\/www.belinka.com\/me\/video-uputstva\/","url":"https:\/\/www.belinka.com\/me\/video-uputstva\/","name":"Video uputstva - Belinka","isPartOf":{"@id":"https:\/\/www.belinka.com\/rs\/#website"},"datePublished":"2019-07-12T12:11:14+00:00","breadcrumb":{"@id":"https:\/\/www.belinka.com\/me\/video-uputstva\/#breadcrumb"},"inLanguage":"en-GB","potentialAction":[{"@type":"ReadAction","target":["https:\/\/www.belinka.com\/me\/video-uputstva\/"]}]},{"@type":"BreadcrumbList","@id":"https:\/\/www.belinka.com\/me\/video-uputstva\/#breadcrumb","itemListElement":[{"@type":"ListItem","position":1,"name":"\u0413\u043b\u0430\u0432\u043d\u0430\u044f \u0441\u0442\u0440\u0430\u043d\u0438\u0446\u0430","item":"https:\/\/www.belinka.com\/rs\/"},{"@type":"ListItem","position":2,"name":"Video uputstva"}]},{"@type":"WebSite","@id":"https:\/\/www.belinka.com\/rs\/#website","url":"https:\/\/www.belinka.com\/rs\/","name":"Belinka","description":"Sve za drvo","publisher":{"@id":"https:\/\/www.belinka.com\/rs\/#organization"},"potentialAction":[{"@type":"SearchAction","target":{"@type":"EntryPoint","urlTemplate":"https:\/\/www.belinka.com\/rs\/?s={search_term_string}"},"query-input":{"@type":"PropertyValueSpecification","valueRequired":true,"valueName":"search_term_string"}}],"inLanguage":"en-GB"},{"@type":"Organization","@id":"https:\/\/www.belinka.com\/rs\/#organization","name":"Belinka","url":"https:\/\/www.belinka.com\/rs\/","logo":{"@type":"ImageObject","inLanguage":"en-GB","@id":"https:\/\/www.belinka.com\/rs\/#\/schema\/logo\/image\/","url":"https:\/\/www.belinka.com\/wp-content\/uploads\/2021\/05\/belinka_logo-e1620721483986.png","contentUrl":"https:\/\/www.belinka.com\/wp-content\/uploads\/2021\/05\/belinka_logo-e1620721483986.png","width":200,"height":200,"caption":"Belinka"},"image":{"@id":"https:\/\/www.belinka.com\/rs\/#\/schema\/logo\/image\/"},"sameAs":["https:\/\/www.facebook.com\/belinka.si\/"]}]}},"taxonomy_info":[],"featured_image_src_large":false,"author_info":{"display_name":"Belinka","author_link":"https:\/\/www.belinka.com\/me\/author\/belinkaad_20\/"},"comment_info":"","_links":{"self":[{"href":"https:\/\/www.belinka.com\/me\/wp-json\/wp\/v2\/pages\/41701","targetHints":{"allow":["GET"]}}],"collection":[{"href":"https:\/\/www.belinka.com\/me\/wp-json\/wp\/v2\/pages"}],"about":[{"href":"https:\/\/www.belinka.com\/me\/wp-json\/wp\/v2\/types\/page"}],"author":[{"embeddable":true,"href":"https:\/\/www.belinka.com\/me\/wp-json\/wp\/v2\/users\/62"}],"replies":[{"embeddable":true,"href":"https:\/\/www.belinka.com\/me\/wp-json\/wp\/v2\/comments?post=41701"}],"version-history":[{"count":2,"href":"https:\/\/www.belinka.com\/me\/wp-json\/wp\/v2\/pages\/41701\/revisions"}],"predecessor-version":[{"id":41730,"href":"https:\/\/www.belinka.com\/me\/wp-json\/wp\/v2\/pages\/41701\/revisions\/41730"}],"wp:attachment":[{"href":"https:\/\/www.belinka.com\/me\/wp-json\/wp\/v2\/media?parent=41701"}],"curies":[{"name":"wp","href":"https:\/\/api.w.org\/{rel}","templated":true}]}}