{"id":41713,"date":"2019-07-12T13:10:22","date_gmt":"2019-07-12T12:10:22","guid":{"rendered":"https:\/\/www.belinka.com\/?page_id=41713"},"modified":"2019-07-12T13:10:22","modified_gmt":"2019-07-12T12:10:22","slug":"video-patarimai","status":"publish","type":"page","link":"https:\/\/www.belinka.com\/lt\/video-patarimai\/","title":{"rendered":"Video patarimai"},"content":{"rendered":"<p>&nbsp;<\/p>\n<p>Kada b\u016btina atnaujinti pavir\u0161i\u0173?<\/p>\n<p><iframe loading=\"lazy\" title=\"Kada b\u016btina atnaujinti pavir\u0161i\u0173? (lt)\" width=\"500\" height=\"281\" src=\"https:\/\/www.youtube.com\/embed\/6bc0844GU8E?feature=oembed\" frameborder=\"0\" allow=\"accelerometer; autoplay; clipboard-write; encrypted-media; gyroscope; picture-in-picture; web-share\" referrerpolicy=\"strict-origin-when-cross-origin\" allowfullscreen><\/iframe><\/p>\n<p>&nbsp;<\/p>\n<p>Kaip at\u0161viesinti anks\u010diau tamsiais atspalviais da\u017eytus pavir\u0161ius?<\/p>\n<p><iframe loading=\"lazy\" title=\"Kaip at\u0161viesinti anks\u010diau tamsiais atspalviais da\u017eytus pavir\u0161ius? (lt)\" width=\"500\" height=\"281\" src=\"https:\/\/www.youtube.com\/embed\/MZZ7SZy4DSU?feature=oembed\" frameborder=\"0\" allow=\"accelerometer; autoplay; clipboard-write; encrypted-media; gyroscope; picture-in-picture; web-share\" referrerpolicy=\"strict-origin-when-cross-origin\" allowfullscreen><\/iframe><\/p>\n<p>&nbsp;<\/p>\n<p>Kaip tinkamai apsaugoti medien\u0105 patalp\u0173 viduje?<\/p>\n<p><iframe loading=\"lazy\" title=\"Kaip tinkamai apsaugoti medien\u0105 patalp\u0173 viduje? (lt)\" width=\"500\" height=\"281\" src=\"https:\/\/www.youtube.com\/embed\/CnSrOGeAwG4?feature=oembed\" frameborder=\"0\" allow=\"accelerometer; autoplay; clipboard-write; encrypted-media; gyroscope; picture-in-picture; web-share\" referrerpolicy=\"strict-origin-when-cross-origin\" allowfullscreen><\/iframe><\/p>\n<p>&nbsp;<\/p>\n<p>Kaip naikinti medienos kenk\u0117jus &#8211; kinivarpas?<\/p>\n<p><iframe loading=\"lazy\" title=\"Kaip naikinti medienos kenk\u0117jus - kinivarpas? (lt)\" width=\"500\" height=\"281\" src=\"https:\/\/www.youtube.com\/embed\/KqEkK6-0kFw?feature=oembed\" frameborder=\"0\" allow=\"accelerometer; autoplay; clipboard-write; encrypted-media; gyroscope; picture-in-picture; web-share\" referrerpolicy=\"strict-origin-when-cross-origin\" allowfullscreen><\/iframe><\/p>\n<p>&nbsp;<\/p>\n","protected":false},"excerpt":{"rendered":"&nbsp; Kada b\u016btina atnaujinti pavir\u0161i\u0173? &nbsp; Kaip at\u0161viesinti anks\u010diau tamsiais atspalviais da\u017eytus pavir\u0161ius? &nbsp; Kaip tinkamai apsaugoti medien\u0105 patalp\u0173 viduje? &nbsp; Kaip naikinti medienos kenk\u0117jus &#8211; kinivarpas? &nbsp;","protected":false},"author":62,"featured_media":0,"parent":0,"menu_order":262,"comment_status":"closed","ping_status":"closed","template":"templates\/template-video.php","meta":{"_acf_changed":false,"_kad_blocks_custom_css":"","_kad_blocks_head_custom_js":"","_kad_blocks_body_custom_js":"","_kad_blocks_footer_custom_js":"","footnotes":""},"class_list":["post-41713","page","type-page","status-publish","hentry"],"acf":[],"yoast_head":"<!-- This site is optimized with the Yoast SEO plugin v27.4 - https:\/\/yoast.com\/product\/yoast-seo-wordpress\/ -->\n<title>Video patarimai - Belinka<\/title>\n<meta name=\"robots\" content=\"index, follow, max-snippet:-1, max-image-preview:large, max-video-preview:-1\" \/>\n<link rel=\"canonical\" href=\"https:\/\/www.belinka.com\/lt\/video-patarimai\/\" \/>\n<meta property=\"og:locale\" content=\"lt_LT\" \/>\n<meta property=\"og:type\" content=\"article\" \/>\n<meta property=\"og:title\" content=\"Video patarimai - Belinka\" \/>\n<meta property=\"og:description\" content=\"&nbsp; Kada b\u016btina atnaujinti pavir\u0161i\u0173? &nbsp; Kaip at\u0161viesinti anks\u010diau tamsiais atspalviais da\u017eytus pavir\u0161ius? &nbsp; Kaip tinkamai apsaugoti medien\u0105 patalp\u0173 viduje? &nbsp; Kaip naikinti medienos kenk\u0117jus &#8211; kinivarpas? &nbsp;\" \/>\n<meta property=\"og:url\" content=\"https:\/\/www.belinka.com\/lt\/video-patarimai\/\" \/>\n<meta property=\"og:site_name\" content=\"Belinka\" \/>\n<meta property=\"article:publisher\" content=\"https:\/\/www.facebook.com\/belinka.si\/\" \/>\n<meta name=\"twitter:card\" content=\"summary_large_image\" \/>\n<script type=\"application\/ld+json\" class=\"yoast-schema-graph\">{\"@context\":\"https:\\\/\\\/schema.org\",\"@graph\":[{\"@type\":\"WebPage\",\"@id\":\"https:\\\/\\\/www.belinka.com\\\/lt\\\/video-patarimai\\\/\",\"url\":\"https:\\\/\\\/www.belinka.com\\\/lt\\\/video-patarimai\\\/\",\"name\":\"Video patarimai - Belinka\",\"isPartOf\":{\"@id\":\"https:\\\/\\\/www.belinka.com\\\/rs\\\/#website\"},\"datePublished\":\"2019-07-12T12:10:22+00:00\",\"breadcrumb\":{\"@id\":\"https:\\\/\\\/www.belinka.com\\\/lt\\\/video-patarimai\\\/#breadcrumb\"},\"inLanguage\":\"lt-LT\",\"potentialAction\":[{\"@type\":\"ReadAction\",\"target\":[\"https:\\\/\\\/www.belinka.com\\\/lt\\\/video-patarimai\\\/\"]}]},{\"@type\":\"BreadcrumbList\",\"@id\":\"https:\\\/\\\/www.belinka.com\\\/lt\\\/video-patarimai\\\/#breadcrumb\",\"itemListElement\":[{\"@type\":\"ListItem\",\"position\":1,\"name\":\"\u0413\u043b\u0430\u0432\u043d\u0430\u044f \u0441\u0442\u0440\u0430\u043d\u0438\u0446\u0430\",\"item\":\"https:\\\/\\\/www.belinka.com\\\/rs\\\/\"},{\"@type\":\"ListItem\",\"position\":2,\"name\":\"Video patarimai\"}]},{\"@type\":\"WebSite\",\"@id\":\"https:\\\/\\\/www.belinka.com\\\/rs\\\/#website\",\"url\":\"https:\\\/\\\/www.belinka.com\\\/rs\\\/\",\"name\":\"Belinka\",\"description\":\"Viskas, ko reikia medienai\",\"publisher\":{\"@id\":\"https:\\\/\\\/www.belinka.com\\\/rs\\\/#organization\"},\"potentialAction\":[{\"@type\":\"SearchAction\",\"target\":{\"@type\":\"EntryPoint\",\"urlTemplate\":\"https:\\\/\\\/www.belinka.com\\\/rs\\\/?s={search_term_string}\"},\"query-input\":{\"@type\":\"PropertyValueSpecification\",\"valueRequired\":true,\"valueName\":\"search_term_string\"}}],\"inLanguage\":\"lt-LT\"},{\"@type\":\"Organization\",\"@id\":\"https:\\\/\\\/www.belinka.com\\\/rs\\\/#organization\",\"name\":\"Belinka\",\"url\":\"https:\\\/\\\/www.belinka.com\\\/rs\\\/\",\"logo\":{\"@type\":\"ImageObject\",\"inLanguage\":\"lt-LT\",\"@id\":\"https:\\\/\\\/www.belinka.com\\\/rs\\\/#\\\/schema\\\/logo\\\/image\\\/\",\"url\":\"https:\\\/\\\/www.belinka.com\\\/wp-content\\\/uploads\\\/2021\\\/05\\\/belinka_logo-e1620721483986.png\",\"contentUrl\":\"https:\\\/\\\/www.belinka.com\\\/wp-content\\\/uploads\\\/2021\\\/05\\\/belinka_logo-e1620721483986.png\",\"width\":200,\"height\":200,\"caption\":\"Belinka\"},\"image\":{\"@id\":\"https:\\\/\\\/www.belinka.com\\\/rs\\\/#\\\/schema\\\/logo\\\/image\\\/\"},\"sameAs\":[\"https:\\\/\\\/www.facebook.com\\\/belinka.si\\\/\"]}]}<\/script>\n<!-- \/ Yoast SEO plugin. -->","yoast_head_json":{"title":"Video patarimai - Belinka","robots":{"index":"index","follow":"follow","max-snippet":"max-snippet:-1","max-image-preview":"max-image-preview:large","max-video-preview":"max-video-preview:-1"},"canonical":"https:\/\/www.belinka.com\/lt\/video-patarimai\/","og_locale":"lt_LT","og_type":"article","og_title":"Video patarimai - Belinka","og_description":"&nbsp; Kada b\u016btina atnaujinti pavir\u0161i\u0173? &nbsp; Kaip at\u0161viesinti anks\u010diau tamsiais atspalviais da\u017eytus pavir\u0161ius? &nbsp; Kaip tinkamai apsaugoti medien\u0105 patalp\u0173 viduje? &nbsp; Kaip naikinti medienos kenk\u0117jus &#8211; kinivarpas? &nbsp;","og_url":"https:\/\/www.belinka.com\/lt\/video-patarimai\/","og_site_name":"Belinka","article_publisher":"https:\/\/www.facebook.com\/belinka.si\/","twitter_card":"summary_large_image","schema":{"@context":"https:\/\/schema.org","@graph":[{"@type":"WebPage","@id":"https:\/\/www.belinka.com\/lt\/video-patarimai\/","url":"https:\/\/www.belinka.com\/lt\/video-patarimai\/","name":"Video patarimai - Belinka","isPartOf":{"@id":"https:\/\/www.belinka.com\/rs\/#website"},"datePublished":"2019-07-12T12:10:22+00:00","breadcrumb":{"@id":"https:\/\/www.belinka.com\/lt\/video-patarimai\/#breadcrumb"},"inLanguage":"lt-LT","potentialAction":[{"@type":"ReadAction","target":["https:\/\/www.belinka.com\/lt\/video-patarimai\/"]}]},{"@type":"BreadcrumbList","@id":"https:\/\/www.belinka.com\/lt\/video-patarimai\/#breadcrumb","itemListElement":[{"@type":"ListItem","position":1,"name":"\u0413\u043b\u0430\u0432\u043d\u0430\u044f \u0441\u0442\u0440\u0430\u043d\u0438\u0446\u0430","item":"https:\/\/www.belinka.com\/rs\/"},{"@type":"ListItem","position":2,"name":"Video patarimai"}]},{"@type":"WebSite","@id":"https:\/\/www.belinka.com\/rs\/#website","url":"https:\/\/www.belinka.com\/rs\/","name":"Belinka","description":"Viskas, ko reikia medienai","publisher":{"@id":"https:\/\/www.belinka.com\/rs\/#organization"},"potentialAction":[{"@type":"SearchAction","target":{"@type":"EntryPoint","urlTemplate":"https:\/\/www.belinka.com\/rs\/?s={search_term_string}"},"query-input":{"@type":"PropertyValueSpecification","valueRequired":true,"valueName":"search_term_string"}}],"inLanguage":"lt-LT"},{"@type":"Organization","@id":"https:\/\/www.belinka.com\/rs\/#organization","name":"Belinka","url":"https:\/\/www.belinka.com\/rs\/","logo":{"@type":"ImageObject","inLanguage":"lt-LT","@id":"https:\/\/www.belinka.com\/rs\/#\/schema\/logo\/image\/","url":"https:\/\/www.belinka.com\/wp-content\/uploads\/2021\/05\/belinka_logo-e1620721483986.png","contentUrl":"https:\/\/www.belinka.com\/wp-content\/uploads\/2021\/05\/belinka_logo-e1620721483986.png","width":200,"height":200,"caption":"Belinka"},"image":{"@id":"https:\/\/www.belinka.com\/rs\/#\/schema\/logo\/image\/"},"sameAs":["https:\/\/www.facebook.com\/belinka.si\/"]}]}},"taxonomy_info":[],"featured_image_src_large":false,"author_info":{"display_name":"Belinka","author_link":"https:\/\/www.belinka.com\/lt\/author\/belinkaad_20\/"},"comment_info":"","_links":{"self":[{"href":"https:\/\/www.belinka.com\/lt\/wp-json\/wp\/v2\/pages\/41713","targetHints":{"allow":["GET"]}}],"collection":[{"href":"https:\/\/www.belinka.com\/lt\/wp-json\/wp\/v2\/pages"}],"about":[{"href":"https:\/\/www.belinka.com\/lt\/wp-json\/wp\/v2\/types\/page"}],"author":[{"embeddable":true,"href":"https:\/\/www.belinka.com\/lt\/wp-json\/wp\/v2\/users\/62"}],"replies":[{"embeddable":true,"href":"https:\/\/www.belinka.com\/lt\/wp-json\/wp\/v2\/comments?post=41713"}],"version-history":[{"count":2,"href":"https:\/\/www.belinka.com\/lt\/wp-json\/wp\/v2\/pages\/41713\/revisions"}],"predecessor-version":[{"id":41728,"href":"https:\/\/www.belinka.com\/lt\/wp-json\/wp\/v2\/pages\/41713\/revisions\/41728"}],"wp:attachment":[{"href":"https:\/\/www.belinka.com\/lt\/wp-json\/wp\/v2\/media?parent=41713"}],"curies":[{"name":"wp","href":"https:\/\/api.w.org\/{rel}","templated":true}]}}