{"id":41741,"date":"2019-07-12T13:19:09","date_gmt":"2019-07-12T12:19:09","guid":{"rendered":"https:\/\/www.belinka.com\/?page_id=41741"},"modified":"2021-01-29T14:54:51","modified_gmt":"2021-01-29T13:54:51","slug":"promo-video","status":"publish","type":"page","link":"https:\/\/www.belinka.com\/hr\/promo-video\/","title":{"rendered":"Promo video"},"content":{"rendered":"<p>&nbsp;<\/p>\n<p>Makeover dje\u010dje sobe (InDizajn s Mirjanom Mikulec)<\/p>\n<p><iframe loading=\"lazy\" title=\"Makeover dje\u010dje sobe (InDizajn s Mirjanom Mikulec)\" width=\"500\" height=\"281\" src=\"https:\/\/www.youtube.com\/embed\/vQcF7C2O0WQ?feature=oembed\" frameborder=\"0\" allow=\"accelerometer; autoplay; clipboard-write; encrypted-media; gyroscope; picture-in-picture; web-share\" referrerpolicy=\"strict-origin-when-cross-origin\" allowfullscreen><\/iframe><\/p>\n<p>&nbsp;<\/p>\n<p>Makeover kupaonice (InDizajn s Mirjanom Mikulec)<\/p>\n<p><iframe loading=\"lazy\" title=\"Makeover kupaonice (InDizajn s Mirjanom Mikulec)\" width=\"500\" height=\"281\" src=\"https:\/\/www.youtube.com\/embed\/7RV3mvHSWjE?feature=oembed\" frameborder=\"0\" allow=\"accelerometer; autoplay; clipboard-write; encrypted-media; gyroscope; picture-in-picture; web-share\" referrerpolicy=\"strict-origin-when-cross-origin\" allowfullscreen><\/iframe><\/p>\n<p>&nbsp;<\/p>\n<p>Stvaramo dom (InDizajn s Mirjanom Mikulec) &#8211; Opremanje prostora za zabavu i dru\u017eenja<\/p>\n<p><iframe loading=\"lazy\" title=\"Stvaramo dom (InDizajn s Mirjanom Mikulec) - Opremanje prostora za zabavu i dru\u017eenja\" width=\"500\" height=\"281\" src=\"https:\/\/www.youtube.com\/embed\/Dmb-Snw69fg?feature=oembed\" frameborder=\"0\" allow=\"accelerometer; autoplay; clipboard-write; encrypted-media; gyroscope; picture-in-picture; web-share\" referrerpolicy=\"strict-origin-when-cross-origin\" allowfullscreen><\/iframe><\/p>\n<p>&nbsp;<\/p>\n<p>Makeover drvene terase (InDizajn s Mirjanom Mikulec)<\/p>\n<p><iframe loading=\"lazy\" title=\"Makeover drvene terase (InDizajn s Mirjanom Mikulec)\" width=\"500\" height=\"281\" src=\"https:\/\/www.youtube.com\/embed\/6XpyJiim5Mk?feature=oembed\" frameborder=\"0\" allow=\"accelerometer; autoplay; clipboard-write; encrypted-media; gyroscope; picture-in-picture; web-share\" referrerpolicy=\"strict-origin-when-cross-origin\" allowfullscreen><\/iframe><\/p>\n<p>&nbsp;<\/p>\n<p>Makeover &#8211; Ure\u0111enje dje\u010dje sobe za dvoje mali\u0161ana (InDizajn s Mirjanom Mikulec)<\/p>\n<p><iframe loading=\"lazy\" title=\"Makeover - Ure\u0111enje dje\u010dje sobe za dvoje mali\u0161ana (InDizajn s Mirjanom Mikulec)\" width=\"500\" height=\"281\" src=\"https:\/\/www.youtube.com\/embed\/hdPyONEPkvs?feature=oembed\" frameborder=\"0\" allow=\"accelerometer; autoplay; clipboard-write; encrypted-media; gyroscope; picture-in-picture; web-share\" referrerpolicy=\"strict-origin-when-cross-origin\" allowfullscreen><\/iframe><\/p>\n<p>&nbsp;<\/p>\n<p>Humanitarno ure\u0111enje prostora za igru Udruge Down Zagreb (InDizajn s Mirjanom Mikulec)<\/p>\n<p><iframe loading=\"lazy\" title=\"Humanitarno ure\u0111enje prostora za igru Udruge Down Zagreb (InDizajn s Mirjanom Mikulec)\" width=\"500\" height=\"281\" src=\"https:\/\/www.youtube.com\/embed\/O0my1is1LKo?feature=oembed\" frameborder=\"0\" allow=\"accelerometer; autoplay; clipboard-write; encrypted-media; gyroscope; picture-in-picture; web-share\" referrerpolicy=\"strict-origin-when-cross-origin\" allowfullscreen><\/iframe><\/p>\n<p>&nbsp;<\/p>\n<p>Makeover: Osvje\u017eenje drvenih detalja u kuhinji uz Belinka Tophybrid (InDizajn s Mirjanom Mikulec)<\/p>\n<p><iframe loading=\"lazy\" title=\"Makeover: Osvje\u017eenje drvenih detalja u kuhinji uz Belinka Tophybrid (InDizajn s Mirjanom Mikulec)\" width=\"500\" height=\"281\" src=\"https:\/\/www.youtube.com\/embed\/zL1PW0iqx7M?feature=oembed\" frameborder=\"0\" allow=\"accelerometer; autoplay; clipboard-write; encrypted-media; gyroscope; picture-in-picture; web-share\" referrerpolicy=\"strict-origin-when-cross-origin\" allowfullscreen><\/iframe><\/p>\n<p>&nbsp;<\/p>\n","protected":false},"excerpt":{"rendered":"&nbsp; Makeover dje\u010dje sobe (InDizajn s Mirjanom Mikulec) &nbsp; Makeover kupaonice (InDizajn s Mirjanom Mikulec) &nbsp; Stvaramo dom (InDizajn s Mirjanom Mikulec) &#8211; Opremanje prostora za zabavu i dru\u017eenja &nbsp; Makeover drvene terase (InDizajn s Mirjanom Mikulec) &nbsp; Makeover &#8211; Ure\u0111enje dje\u010dje sobe za dvoje mali\u0161ana (InDizajn s Mirjanom Mikulec) &nbsp; Humanitarno ure\u0111enje prostora za &#8230; <br><a class=\"view-article\" href=\"https:\/\/www.belinka.com\/hr\/promo-video\/\">Op\u0161irnije<\/a>","protected":false},"author":62,"featured_media":0,"parent":0,"menu_order":162,"comment_status":"closed","ping_status":"closed","template":"templates\/template-company.php","meta":{"_acf_changed":false,"_kad_blocks_custom_css":"","_kad_blocks_head_custom_js":"","_kad_blocks_body_custom_js":"","_kad_blocks_footer_custom_js":"","footnotes":""},"class_list":["post-41741","page","type-page","status-publish","hentry"],"acf":[],"yoast_head":"<!-- This site is optimized with the Yoast SEO plugin v27.4 - https:\/\/yoast.com\/product\/yoast-seo-wordpress\/ -->\n<title>Promo video - Belinka<\/title>\n<meta name=\"robots\" content=\"index, follow, max-snippet:-1, max-image-preview:large, max-video-preview:-1\" \/>\n<link rel=\"canonical\" href=\"https:\/\/www.belinka.com\/hr\/promo-video\/\" \/>\n<meta property=\"og:locale\" content=\"hr_HR\" \/>\n<meta property=\"og:type\" content=\"article\" \/>\n<meta property=\"og:title\" content=\"Promo video - Belinka\" \/>\n<meta property=\"og:description\" content=\"&nbsp; Makeover dje\u010dje sobe (InDizajn s Mirjanom Mikulec) &nbsp; Makeover kupaonice (InDizajn s Mirjanom Mikulec) &nbsp; Stvaramo dom (InDizajn s Mirjanom Mikulec) &#8211; Opremanje prostora za zabavu i dru\u017eenja &nbsp; Makeover drvene terase (InDizajn s Mirjanom Mikulec) &nbsp; Makeover &#8211; Ure\u0111enje dje\u010dje sobe za dvoje mali\u0161ana (InDizajn s Mirjanom Mikulec) &nbsp; Humanitarno ure\u0111enje prostora za ... Op\u0161irnije\" \/>\n<meta property=\"og:url\" content=\"https:\/\/www.belinka.com\/hr\/promo-video\/\" \/>\n<meta property=\"og:site_name\" content=\"Belinka\" \/>\n<meta property=\"article:publisher\" content=\"https:\/\/www.facebook.com\/belinka.si\/\" \/>\n<meta property=\"article:modified_time\" content=\"2021-01-29T13:54:51+00:00\" \/>\n<meta name=\"twitter:card\" content=\"summary_large_image\" \/>\n<meta name=\"twitter:label1\" content=\"Procijenjeno vrijeme \u010ditanja\" \/>\n\t<meta name=\"twitter:data1\" content=\"1 minuta\" \/>\n<script type=\"application\/ld+json\" class=\"yoast-schema-graph\">{\"@context\":\"https:\\\/\\\/schema.org\",\"@graph\":[{\"@type\":\"WebPage\",\"@id\":\"https:\\\/\\\/www.belinka.com\\\/hr\\\/promo-video\\\/\",\"url\":\"https:\\\/\\\/www.belinka.com\\\/hr\\\/promo-video\\\/\",\"name\":\"Promo video - Belinka\",\"isPartOf\":{\"@id\":\"https:\\\/\\\/www.belinka.com\\\/rs\\\/#website\"},\"datePublished\":\"2019-07-12T12:19:09+00:00\",\"dateModified\":\"2021-01-29T13:54:51+00:00\",\"breadcrumb\":{\"@id\":\"https:\\\/\\\/www.belinka.com\\\/hr\\\/promo-video\\\/#breadcrumb\"},\"inLanguage\":\"hr\",\"potentialAction\":[{\"@type\":\"ReadAction\",\"target\":[\"https:\\\/\\\/www.belinka.com\\\/hr\\\/promo-video\\\/\"]}]},{\"@type\":\"BreadcrumbList\",\"@id\":\"https:\\\/\\\/www.belinka.com\\\/hr\\\/promo-video\\\/#breadcrumb\",\"itemListElement\":[{\"@type\":\"ListItem\",\"position\":1,\"name\":\"\u0413\u043b\u0430\u0432\u043d\u0430\u044f \u0441\u0442\u0440\u0430\u043d\u0438\u0446\u0430\",\"item\":\"https:\\\/\\\/www.belinka.com\\\/rs\\\/\"},{\"@type\":\"ListItem\",\"position\":2,\"name\":\"Promo video\"}]},{\"@type\":\"WebSite\",\"@id\":\"https:\\\/\\\/www.belinka.com\\\/rs\\\/#website\",\"url\":\"https:\\\/\\\/www.belinka.com\\\/rs\\\/\",\"name\":\"Belinka\",\"description\":\"Sve za drvo\",\"publisher\":{\"@id\":\"https:\\\/\\\/www.belinka.com\\\/rs\\\/#organization\"},\"potentialAction\":[{\"@type\":\"SearchAction\",\"target\":{\"@type\":\"EntryPoint\",\"urlTemplate\":\"https:\\\/\\\/www.belinka.com\\\/rs\\\/?s={search_term_string}\"},\"query-input\":{\"@type\":\"PropertyValueSpecification\",\"valueRequired\":true,\"valueName\":\"search_term_string\"}}],\"inLanguage\":\"hr\"},{\"@type\":\"Organization\",\"@id\":\"https:\\\/\\\/www.belinka.com\\\/rs\\\/#organization\",\"name\":\"Belinka\",\"url\":\"https:\\\/\\\/www.belinka.com\\\/rs\\\/\",\"logo\":{\"@type\":\"ImageObject\",\"inLanguage\":\"hr\",\"@id\":\"https:\\\/\\\/www.belinka.com\\\/rs\\\/#\\\/schema\\\/logo\\\/image\\\/\",\"url\":\"https:\\\/\\\/www.belinka.com\\\/wp-content\\\/uploads\\\/2021\\\/05\\\/belinka_logo-e1620721483986.png\",\"contentUrl\":\"https:\\\/\\\/www.belinka.com\\\/wp-content\\\/uploads\\\/2021\\\/05\\\/belinka_logo-e1620721483986.png\",\"width\":200,\"height\":200,\"caption\":\"Belinka\"},\"image\":{\"@id\":\"https:\\\/\\\/www.belinka.com\\\/rs\\\/#\\\/schema\\\/logo\\\/image\\\/\"},\"sameAs\":[\"https:\\\/\\\/www.facebook.com\\\/belinka.si\\\/\"]}]}<\/script>\n<!-- \/ Yoast SEO plugin. -->","yoast_head_json":{"title":"Promo video - Belinka","robots":{"index":"index","follow":"follow","max-snippet":"max-snippet:-1","max-image-preview":"max-image-preview:large","max-video-preview":"max-video-preview:-1"},"canonical":"https:\/\/www.belinka.com\/hr\/promo-video\/","og_locale":"hr_HR","og_type":"article","og_title":"Promo video - Belinka","og_description":"&nbsp; Makeover dje\u010dje sobe (InDizajn s Mirjanom Mikulec) &nbsp; Makeover kupaonice (InDizajn s Mirjanom Mikulec) &nbsp; Stvaramo dom (InDizajn s Mirjanom Mikulec) &#8211; Opremanje prostora za zabavu i dru\u017eenja &nbsp; Makeover drvene terase (InDizajn s Mirjanom Mikulec) &nbsp; Makeover &#8211; Ure\u0111enje dje\u010dje sobe za dvoje mali\u0161ana (InDizajn s Mirjanom Mikulec) &nbsp; Humanitarno ure\u0111enje prostora za ... Op\u0161irnije","og_url":"https:\/\/www.belinka.com\/hr\/promo-video\/","og_site_name":"Belinka","article_publisher":"https:\/\/www.facebook.com\/belinka.si\/","article_modified_time":"2021-01-29T13:54:51+00:00","twitter_card":"summary_large_image","twitter_misc":{"Procijenjeno vrijeme \u010ditanja":"1 minuta"},"schema":{"@context":"https:\/\/schema.org","@graph":[{"@type":"WebPage","@id":"https:\/\/www.belinka.com\/hr\/promo-video\/","url":"https:\/\/www.belinka.com\/hr\/promo-video\/","name":"Promo video - Belinka","isPartOf":{"@id":"https:\/\/www.belinka.com\/rs\/#website"},"datePublished":"2019-07-12T12:19:09+00:00","dateModified":"2021-01-29T13:54:51+00:00","breadcrumb":{"@id":"https:\/\/www.belinka.com\/hr\/promo-video\/#breadcrumb"},"inLanguage":"hr","potentialAction":[{"@type":"ReadAction","target":["https:\/\/www.belinka.com\/hr\/promo-video\/"]}]},{"@type":"BreadcrumbList","@id":"https:\/\/www.belinka.com\/hr\/promo-video\/#breadcrumb","itemListElement":[{"@type":"ListItem","position":1,"name":"\u0413\u043b\u0430\u0432\u043d\u0430\u044f \u0441\u0442\u0440\u0430\u043d\u0438\u0446\u0430","item":"https:\/\/www.belinka.com\/rs\/"},{"@type":"ListItem","position":2,"name":"Promo video"}]},{"@type":"WebSite","@id":"https:\/\/www.belinka.com\/rs\/#website","url":"https:\/\/www.belinka.com\/rs\/","name":"Belinka","description":"Sve za drvo","publisher":{"@id":"https:\/\/www.belinka.com\/rs\/#organization"},"potentialAction":[{"@type":"SearchAction","target":{"@type":"EntryPoint","urlTemplate":"https:\/\/www.belinka.com\/rs\/?s={search_term_string}"},"query-input":{"@type":"PropertyValueSpecification","valueRequired":true,"valueName":"search_term_string"}}],"inLanguage":"hr"},{"@type":"Organization","@id":"https:\/\/www.belinka.com\/rs\/#organization","name":"Belinka","url":"https:\/\/www.belinka.com\/rs\/","logo":{"@type":"ImageObject","inLanguage":"hr","@id":"https:\/\/www.belinka.com\/rs\/#\/schema\/logo\/image\/","url":"https:\/\/www.belinka.com\/wp-content\/uploads\/2021\/05\/belinka_logo-e1620721483986.png","contentUrl":"https:\/\/www.belinka.com\/wp-content\/uploads\/2021\/05\/belinka_logo-e1620721483986.png","width":200,"height":200,"caption":"Belinka"},"image":{"@id":"https:\/\/www.belinka.com\/rs\/#\/schema\/logo\/image\/"},"sameAs":["https:\/\/www.facebook.com\/belinka.si\/"]}]}},"taxonomy_info":[],"featured_image_src_large":false,"author_info":{"display_name":"Belinka","author_link":"https:\/\/www.belinka.com\/hr\/author\/belinkaad_20\/"},"comment_info":"","_links":{"self":[{"href":"https:\/\/www.belinka.com\/hr\/wp-json\/wp\/v2\/pages\/41741","targetHints":{"allow":["GET"]}}],"collection":[{"href":"https:\/\/www.belinka.com\/hr\/wp-json\/wp\/v2\/pages"}],"about":[{"href":"https:\/\/www.belinka.com\/hr\/wp-json\/wp\/v2\/types\/page"}],"author":[{"embeddable":true,"href":"https:\/\/www.belinka.com\/hr\/wp-json\/wp\/v2\/users\/62"}],"replies":[{"embeddable":true,"href":"https:\/\/www.belinka.com\/hr\/wp-json\/wp\/v2\/comments?post=41741"}],"version-history":[{"count":1,"href":"https:\/\/www.belinka.com\/hr\/wp-json\/wp\/v2\/pages\/41741\/revisions"}],"predecessor-version":[{"id":41750,"href":"https:\/\/www.belinka.com\/hr\/wp-json\/wp\/v2\/pages\/41741\/revisions\/41750"}],"wp:attachment":[{"href":"https:\/\/www.belinka.com\/hr\/wp-json\/wp\/v2\/media?parent=41741"}],"curies":[{"name":"wp","href":"https:\/\/api.w.org\/{rel}","templated":true}]}}