{"id":8368,"date":"2016-09-05T07:52:05","date_gmt":"2016-09-05T07:52:05","guid":{"rendered":"https:\/\/belinka.com\/belinka\/"},"modified":"2024-08-30T09:04:10","modified_gmt":"2024-08-30T08:04:10","slug":"belinka","status":"publish","type":"page","link":"https:\/\/www.belinka.com\/ba\/belinka\/","title":{"rendered":"Povijest Belinke"},"content":{"rendered":"<p>Po\u010deci Belinke se\u017eu iz 1948. godine, kada je bila izgra\u0111ena prva tvornica za proizvodnju vodikova peroksida u Sloveniji.\u00a0 Belinka je iz godine u godinu rasla i pro\u0161irila se i na strana tr\u017ei\u0161ta. Izvorni dio Belinke, koji jo\u0161 danas proizvodi peroksidne spojeve, s vremenom je dobio ime <a href=\"https:\/\/belinka.si\/perkemija\/domov\" target=\"_blank\" rel=\"noopener\">Belinka Perkemija<\/a>.<\/p>\n<p>U 1960-im godinama Belinka se uspje\u0161no \u0161irila i na druga podru\u010dja i osvajala nove tipove kupaca\u00a0 pri proizvodnji premaza za drvo za op\u0107e korisnike te za \u0161iroku primjenu. Razdoblje ozna\u010duje i sigurna licencna suradnja s tada vode\u0107im proizvo\u0111a\u010dem premaza za drvo, danskim Sadolinom. Po\u010detkom \u00a080-ih godina Belinka je po\u010dela proizvoditi premaze za drvo vlastitim razvojem pod vlastitom robnom markom Belinka, koja danas predstavlja pojam vrhunske kakvo\u0107e. Poduze\u0107e koje danas proizvodi i prodaje premaze za drvo i druge proizvode za dom naziva se KANSAI HELIOS Slovenija d.o.o.<\/p>\n<p>U 2007. Belinka i njezina Belinka Belles pridru\u017eile su se koncernu Helios Group. Kao dio koncerna u 2014. postala je dio ve\u0107inskog vlasni\u0161tva koncerna RIH Coating Group. U 2017. godini Kansai Paint, jedan od deset nave\u0107ih globalnih poduze\u0107a za premaze, postao je vlasnik cijelog koncerna Helios Group.<\/p>\n<p>Do danas Belinka razvila je brojne produkte za brojne premaze za drvo kako bi naglasila prirodnu ljepotu drva. \u0160iroki izbor produkta, namijenjen primarno za krajnje korisnike, stoji na raspolaganju. Kroz desetlje\u0107a djelovanja Belinka je postala sinonim za za\u0161titu drva.<\/p>\n","protected":false},"excerpt":{"rendered":"Po\u010deci Belinke se\u017eu iz 1948. godine, kada je bila izgra\u0111ena prva tvornica za proizvodnju vodikova peroksida u Sloveniji.\u00a0 Belinka je iz godine u godinu rasla i pro\u0161irila se i na strana tr\u017ei\u0161ta. Izvorni dio Belinke, koji jo\u0161 danas proizvodi peroksidne spojeve, s vremenom je dobio ime Belinka Perkemija. U 1960-im godinama Belinka se uspje\u0161no \u0161irila &#8230; <br><a class=\"view-article ba\" href=\"https:\/\/www.belinka.com\/ba\/belinka\/\">Read more<\/a>","protected":false},"author":62,"featured_media":0,"parent":0,"menu_order":245,"comment_status":"closed","ping_status":"closed","template":"templates\/template-company.php","meta":{"_acf_changed":false,"_kad_blocks_custom_css":"","_kad_blocks_head_custom_js":"","_kad_blocks_body_custom_js":"","_kad_blocks_footer_custom_js":"","footnotes":""},"class_list":["post-8368","page","type-page","status-publish","hentry"],"acf":[],"yoast_head":"<!-- This site is optimized with the Yoast SEO plugin v27.4 - https:\/\/yoast.com\/product\/yoast-seo-wordpress\/ -->\n<title>Povijest Belinke - Belinka<\/title>\n<meta name=\"robots\" content=\"index, follow, max-snippet:-1, max-image-preview:large, max-video-preview:-1\" \/>\n<link rel=\"canonical\" href=\"https:\/\/www.belinka.com\/ba\/belinka\/\" \/>\n<meta property=\"og:locale\" content=\"bs_BA\" \/>\n<meta property=\"og:type\" content=\"article\" \/>\n<meta property=\"og:title\" content=\"Povijest Belinke - Belinka\" \/>\n<meta property=\"og:description\" content=\"Po\u010deci Belinke se\u017eu iz 1948. godine, kada je bila izgra\u0111ena prva tvornica za proizvodnju vodikova peroksida u Sloveniji.\u00a0 Belinka je iz godine u godinu rasla i pro\u0161irila se i na strana tr\u017ei\u0161ta. Izvorni dio Belinke, koji jo\u0161 danas proizvodi peroksidne spojeve, s vremenom je dobio ime Belinka Perkemija. U 1960-im godinama Belinka se uspje\u0161no \u0161irila ... Read more\" \/>\n<meta property=\"og:url\" content=\"https:\/\/www.belinka.com\/ba\/belinka\/\" \/>\n<meta property=\"og:site_name\" content=\"Belinka\" \/>\n<meta property=\"article:publisher\" content=\"https:\/\/www.facebook.com\/belinka.si\/\" \/>\n<meta property=\"article:modified_time\" content=\"2024-08-30T08:04:10+00:00\" \/>\n<meta name=\"twitter:card\" content=\"summary_large_image\" \/>\n<meta name=\"twitter:label1\" content=\"Est. reading time\" \/>\n\t<meta name=\"twitter:data1\" content=\"1 minuta\" \/>\n<script type=\"application\/ld+json\" class=\"yoast-schema-graph\">{\"@context\":\"https:\\\/\\\/schema.org\",\"@graph\":[{\"@type\":\"WebPage\",\"@id\":\"https:\\\/\\\/www.belinka.com\\\/ba\\\/belinka\\\/\",\"url\":\"https:\\\/\\\/www.belinka.com\\\/ba\\\/belinka\\\/\",\"name\":\"Povijest Belinke - Belinka\",\"isPartOf\":{\"@id\":\"https:\\\/\\\/www.belinka.com\\\/rs\\\/#website\"},\"datePublished\":\"2016-09-05T07:52:05+00:00\",\"dateModified\":\"2024-08-30T08:04:10+00:00\",\"breadcrumb\":{\"@id\":\"https:\\\/\\\/www.belinka.com\\\/ba\\\/belinka\\\/#breadcrumb\"},\"inLanguage\":\"bs-BA\",\"potentialAction\":[{\"@type\":\"ReadAction\",\"target\":[\"https:\\\/\\\/www.belinka.com\\\/ba\\\/belinka\\\/\"]}]},{\"@type\":\"BreadcrumbList\",\"@id\":\"https:\\\/\\\/www.belinka.com\\\/ba\\\/belinka\\\/#breadcrumb\",\"itemListElement\":[{\"@type\":\"ListItem\",\"position\":1,\"name\":\"\u0413\u043b\u0430\u0432\u043d\u0430\u044f \u0441\u0442\u0440\u0430\u043d\u0438\u0446\u0430\",\"item\":\"https:\\\/\\\/www.belinka.com\\\/rs\\\/\"},{\"@type\":\"ListItem\",\"position\":2,\"name\":\"Povijest Belinke\"}]},{\"@type\":\"WebSite\",\"@id\":\"https:\\\/\\\/www.belinka.com\\\/rs\\\/#website\",\"url\":\"https:\\\/\\\/www.belinka.com\\\/rs\\\/\",\"name\":\"Belinka\",\"description\":\"Sve za drvo\",\"publisher\":{\"@id\":\"https:\\\/\\\/www.belinka.com\\\/rs\\\/#organization\"},\"potentialAction\":[{\"@type\":\"SearchAction\",\"target\":{\"@type\":\"EntryPoint\",\"urlTemplate\":\"https:\\\/\\\/www.belinka.com\\\/rs\\\/?s={search_term_string}\"},\"query-input\":{\"@type\":\"PropertyValueSpecification\",\"valueRequired\":true,\"valueName\":\"search_term_string\"}}],\"inLanguage\":\"bs-BA\"},{\"@type\":\"Organization\",\"@id\":\"https:\\\/\\\/www.belinka.com\\\/rs\\\/#organization\",\"name\":\"Belinka\",\"url\":\"https:\\\/\\\/www.belinka.com\\\/rs\\\/\",\"logo\":{\"@type\":\"ImageObject\",\"inLanguage\":\"bs-BA\",\"@id\":\"https:\\\/\\\/www.belinka.com\\\/rs\\\/#\\\/schema\\\/logo\\\/image\\\/\",\"url\":\"https:\\\/\\\/www.belinka.com\\\/wp-content\\\/uploads\\\/2021\\\/05\\\/belinka_logo-e1620721483986.png\",\"contentUrl\":\"https:\\\/\\\/www.belinka.com\\\/wp-content\\\/uploads\\\/2021\\\/05\\\/belinka_logo-e1620721483986.png\",\"width\":200,\"height\":200,\"caption\":\"Belinka\"},\"image\":{\"@id\":\"https:\\\/\\\/www.belinka.com\\\/rs\\\/#\\\/schema\\\/logo\\\/image\\\/\"},\"sameAs\":[\"https:\\\/\\\/www.facebook.com\\\/belinka.si\\\/\"]}]}<\/script>\n<!-- \/ Yoast SEO plugin. -->","yoast_head_json":{"title":"Povijest Belinke - Belinka","robots":{"index":"index","follow":"follow","max-snippet":"max-snippet:-1","max-image-preview":"max-image-preview:large","max-video-preview":"max-video-preview:-1"},"canonical":"https:\/\/www.belinka.com\/ba\/belinka\/","og_locale":"bs_BA","og_type":"article","og_title":"Povijest Belinke - Belinka","og_description":"Po\u010deci Belinke se\u017eu iz 1948. godine, kada je bila izgra\u0111ena prva tvornica za proizvodnju vodikova peroksida u Sloveniji.\u00a0 Belinka je iz godine u godinu rasla i pro\u0161irila se i na strana tr\u017ei\u0161ta. Izvorni dio Belinke, koji jo\u0161 danas proizvodi peroksidne spojeve, s vremenom je dobio ime Belinka Perkemija. U 1960-im godinama Belinka se uspje\u0161no \u0161irila ... Read more","og_url":"https:\/\/www.belinka.com\/ba\/belinka\/","og_site_name":"Belinka","article_publisher":"https:\/\/www.facebook.com\/belinka.si\/","article_modified_time":"2024-08-30T08:04:10+00:00","twitter_card":"summary_large_image","twitter_misc":{"Est. reading time":"1 minuta"},"schema":{"@context":"https:\/\/schema.org","@graph":[{"@type":"WebPage","@id":"https:\/\/www.belinka.com\/ba\/belinka\/","url":"https:\/\/www.belinka.com\/ba\/belinka\/","name":"Povijest Belinke - Belinka","isPartOf":{"@id":"https:\/\/www.belinka.com\/rs\/#website"},"datePublished":"2016-09-05T07:52:05+00:00","dateModified":"2024-08-30T08:04:10+00:00","breadcrumb":{"@id":"https:\/\/www.belinka.com\/ba\/belinka\/#breadcrumb"},"inLanguage":"bs-BA","potentialAction":[{"@type":"ReadAction","target":["https:\/\/www.belinka.com\/ba\/belinka\/"]}]},{"@type":"BreadcrumbList","@id":"https:\/\/www.belinka.com\/ba\/belinka\/#breadcrumb","itemListElement":[{"@type":"ListItem","position":1,"name":"\u0413\u043b\u0430\u0432\u043d\u0430\u044f \u0441\u0442\u0440\u0430\u043d\u0438\u0446\u0430","item":"https:\/\/www.belinka.com\/rs\/"},{"@type":"ListItem","position":2,"name":"Povijest Belinke"}]},{"@type":"WebSite","@id":"https:\/\/www.belinka.com\/rs\/#website","url":"https:\/\/www.belinka.com\/rs\/","name":"Belinka","description":"Sve za drvo","publisher":{"@id":"https:\/\/www.belinka.com\/rs\/#organization"},"potentialAction":[{"@type":"SearchAction","target":{"@type":"EntryPoint","urlTemplate":"https:\/\/www.belinka.com\/rs\/?s={search_term_string}"},"query-input":{"@type":"PropertyValueSpecification","valueRequired":true,"valueName":"search_term_string"}}],"inLanguage":"bs-BA"},{"@type":"Organization","@id":"https:\/\/www.belinka.com\/rs\/#organization","name":"Belinka","url":"https:\/\/www.belinka.com\/rs\/","logo":{"@type":"ImageObject","inLanguage":"bs-BA","@id":"https:\/\/www.belinka.com\/rs\/#\/schema\/logo\/image\/","url":"https:\/\/www.belinka.com\/wp-content\/uploads\/2021\/05\/belinka_logo-e1620721483986.png","contentUrl":"https:\/\/www.belinka.com\/wp-content\/uploads\/2021\/05\/belinka_logo-e1620721483986.png","width":200,"height":200,"caption":"Belinka"},"image":{"@id":"https:\/\/www.belinka.com\/rs\/#\/schema\/logo\/image\/"},"sameAs":["https:\/\/www.facebook.com\/belinka.si\/"]}]}},"taxonomy_info":[],"featured_image_src_large":false,"author_info":{"display_name":"Belinka","author_link":"https:\/\/www.belinka.com\/ba\/author\/belinkaad_20\/"},"comment_info":"","_links":{"self":[{"href":"https:\/\/www.belinka.com\/ba\/wp-json\/wp\/v2\/pages\/8368","targetHints":{"allow":["GET"]}}],"collection":[{"href":"https:\/\/www.belinka.com\/ba\/wp-json\/wp\/v2\/pages"}],"about":[{"href":"https:\/\/www.belinka.com\/ba\/wp-json\/wp\/v2\/types\/page"}],"author":[{"embeddable":true,"href":"https:\/\/www.belinka.com\/ba\/wp-json\/wp\/v2\/users\/62"}],"replies":[{"embeddable":true,"href":"https:\/\/www.belinka.com\/ba\/wp-json\/wp\/v2\/comments?post=8368"}],"version-history":[{"count":6,"href":"https:\/\/www.belinka.com\/ba\/wp-json\/wp\/v2\/pages\/8368\/revisions"}],"predecessor-version":[{"id":57835,"href":"https:\/\/www.belinka.com\/ba\/wp-json\/wp\/v2\/pages\/8368\/revisions\/57835"}],"wp:attachment":[{"href":"https:\/\/www.belinka.com\/ba\/wp-json\/wp\/v2\/media?parent=8368"}],"curies":[{"name":"wp","href":"https:\/\/api.w.org\/{rel}","templated":true}]}}